{"id":906,"date":"2023-03-30T10:28:58","date_gmt":"2023-03-30T10:28:58","guid":{"rendered":"https:\/\/servicas.es\/wordpress\/?page_id=906"},"modified":"2025-12-02T12:11:42","modified_gmt":"2025-12-02T12:11:42","slug":"reparacion-2","status":"publish","type":"page","link":"https:\/\/servicas.es\/wordpress\/reparacion-2\/","title":{"rendered":"REPARACI\u00d3N"},"content":{"rendered":"<p>[et_pb_section fb_built=&#8221;1&#8243; _builder_version=&#8221;4.20.2&#8243; _module_preset=&#8221;default&#8221; custom_margin=&#8221;0px|0px|0px|0px|false|false&#8221; custom_padding=&#8221;0px|0px|0px|0px|false|false&#8221; global_colors_info=&#8221;{}&#8221;][et_pb_row _builder_version=&#8221;4.20.2&#8243; _module_preset=&#8221;default&#8221; global_colors_info=&#8221;{}&#8221;][et_pb_column type=&#8221;4_4&#8243; _builder_version=&#8221;4.20.2&#8243; _module_preset=&#8221;default&#8221; global_colors_info=&#8221;{}&#8221;][et_pb_text _builder_version=&#8221;4.20.2&#8243; _module_preset=&#8221;default&#8221; global_colors_info=&#8221;{}&#8221;]<\/p>\n<h1 style=\"text-align: center;\">REPARA TU M\u00c1QUINA EN 3 PASOS<\/h1>\n<p>[\/et_pb_text][\/et_pb_column][\/et_pb_row][et_pb_row column_structure=&#8221;1_2,1_2&#8243; _builder_version=&#8221;4.20.2&#8243; _module_preset=&#8221;default&#8221; custom_margin=&#8221;||0px||false|false&#8221; custom_padding=&#8221;||0px||false|false&#8221; global_colors_info=&#8221;{}&#8221;][et_pb_column type=&#8221;1_2&#8243; _builder_version=&#8221;4.20.2&#8243; _module_preset=&#8221;default&#8221; global_colors_info=&#8221;{}&#8221;][et_pb_text _builder_version=&#8221;4.20.2&#8243; _module_preset=&#8221;default&#8221; global_colors_info=&#8221;{}&#8221;]<\/p>\n<p><img loading=\"lazy\" decoding=\"async\" class=\"wp-image-702 alignnone size-full\" src=\"https:\/\/servicas.es\/wordpress\/wp-content\/uploads\/2023\/03\/REPARA-1.jpg\" alt=\"\" width=\"392\" height=\"47\" srcset=\"https:\/\/servicas.es\/wordpress\/wp-content\/uploads\/2023\/03\/REPARA-1.jpg 392w, https:\/\/servicas.es\/wordpress\/wp-content\/uploads\/2023\/03\/REPARA-1-300x36.jpg 300w\" sizes=\"(max-width: 392px) 100vw, 392px\" \/><\/p>\n<p>Expl\u00edcanos detalladamente cual es la incidencia aportando la m\u00e1xima informaci\u00f3n que puedas.<\/p>\n<p><img loading=\"lazy\" decoding=\"async\" class=\"wp-image-703 alignnone size-full\" src=\"https:\/\/servicas.es\/wordpress\/wp-content\/uploads\/2023\/03\/REPARA-2.jpg\" alt=\"\" width=\"464\" height=\"48\" srcset=\"https:\/\/servicas.es\/wordpress\/wp-content\/uploads\/2023\/03\/REPARA-2.jpg 464w, https:\/\/servicas.es\/wordpress\/wp-content\/uploads\/2023\/03\/REPARA-2-300x31.jpg 300w\" sizes=\"(max-width: 464px) 100vw, 464px\" \/><\/p>\n<p>Rellena el formulario de solicitud de reparaci\u00f3n para que lo estudie nuestro departamento t\u00e9cnico.<\/p>\n<p><img loading=\"lazy\" decoding=\"async\" class=\"wp-image-704 alignnone size-full\" src=\"https:\/\/servicas.es\/wordpress\/wp-content\/uploads\/2023\/03\/REPARA-3.jpg\" alt=\"\" width=\"329\" height=\"47\" srcset=\"https:\/\/servicas.es\/wordpress\/wp-content\/uploads\/2023\/03\/REPARA-3.jpg 329w, https:\/\/servicas.es\/wordpress\/wp-content\/uploads\/2023\/03\/REPARA-3-300x43.jpg 300w\" sizes=\"(max-width: 329px) 100vw, 329px\" \/><\/p>\n<p>En cuanto aceptes el presupuesto podr\u00e1s traernos tu maquina para proceder a su reparaci\u00f3n.<\/p>\n<p>&nbsp;<\/p>\n<p>&nbsp;<\/p>\n<p>[\/et_pb_text][\/et_pb_column][et_pb_column type=&#8221;1_2&#8243; _builder_version=&#8221;4.20.2&#8243; _module_preset=&#8221;default&#8221; global_colors_info=&#8221;{}&#8221;][et_pb_image src=&#8221;https:\/\/servicas.es\/wordpress\/wp-content\/uploads\/2023\/03\/IMAGEN-REPARA.jpg&#8221; title_text=&#8221;IMAGEN-REPARA&#8221; _builder_version=&#8221;4.20.2&#8243; _module_preset=&#8221;default&#8221; custom_margin=&#8221;||8px||false|false&#8221; animation_direction=&#8221;bottom&#8221; global_colors_info=&#8221;{}&#8221;][\/et_pb_image][et_pb_button button_url=&#8221;https:\/\/servicas.es\/wordpress\/solicitud-de-reparacion\/&#8221; button_text=&#8221;SOLICITAR REPARACI\u00d3N DE M\u00c1QUINA&#8221; button_alignment=&#8221;right&#8221; _builder_version=&#8221;4.20.2&#8243; _module_preset=&#8221;default&#8221; custom_button=&#8221;on&#8221; button_text_size=&#8221;16px&#8221; button_text_color=&#8221;#FFFFFF&#8221; button_bg_color=&#8221;#f20c00&#8243; button_border_color=&#8221;RGBA(255,255,255,0)&#8221; custom_margin=&#8221;0px||||false|false&#8221; custom_padding=&#8221;0px||||false|false&#8221; global_colors_info=&#8221;{}&#8221;][\/et_pb_button][\/et_pb_column][\/et_pb_row][et_pb_row _builder_version=&#8221;4.20.2&#8243; _module_preset=&#8221;default&#8221; custom_margin=&#8221;0px||||false|false&#8221; custom_padding=&#8221;0px||||false|false&#8221; global_colors_info=&#8221;{}&#8221;][et_pb_column type=&#8221;4_4&#8243; _builder_version=&#8221;4.20.2&#8243; _module_preset=&#8221;default&#8221; global_colors_info=&#8221;{}&#8221;][et_pb_text _builder_version=&#8221;4.20.2&#8243; _module_preset=&#8221;default&#8221; min_height=&#8221;86.6px&#8221; custom_margin=&#8221;0px|0px|0px|0px|false|false&#8221; custom_padding=&#8221;0px|0px|0px|0px|false|false&#8221; global_colors_info=&#8221;{}&#8221;]<\/p>\n<h1 style=\"text-align: center;\">SERVICIO T\u00c9CNICO MULTIMARCA<\/h1>\n<p style=\"text-align: center;\">Actualmente somos el Servicio T\u00e9cnico Multimarca l\u00edder en la reparaci\u00f3n de todo tipo de m\u00e1quinas, ofreciendo nuestros servicios en Castell\u00f3n. Si necesita reparar cualquier m\u00e1quina en Castell\u00f3n no lo dude y p\u00f3ngase en contacto con nosotros lo antes posible.<\/p>\n<p style=\"text-align: center;\">[\/et_pb_text][\/et_pb_column][\/et_pb_row][et_pb_row _builder_version=&#8221;4.20.2&#8243; _module_preset=&#8221;default&#8221; global_colors_info=&#8221;{}&#8221;][et_pb_column type=&#8221;4_4&#8243; _builder_version=&#8221;4.20.2&#8243; _module_preset=&#8221;default&#8221; global_colors_info=&#8221;{}&#8221;][et_pb_image src=&#8221;https:\/\/servicas.es\/wordpress\/wp-content\/uploads\/2023\/03\/reparacion.jpg&#8221; title_text=&#8221;reparacio\u0301n&#8221; _builder_version=&#8221;4.20.2&#8243; _module_preset=&#8221;default&#8221; custom_margin=&#8221;0px||||false|false&#8221; custom_padding=&#8221;0px||||false|false&#8221; global_colors_info=&#8221;{}&#8221;][\/et_pb_image][\/et_pb_column][\/et_pb_row][et_pb_row _builder_version=&#8221;4.20.2&#8243; _module_preset=&#8221;default&#8221; custom_margin=&#8221;0px||0px||false|false&#8221; custom_padding=&#8221;0px||0px||false|false&#8221; global_colors_info=&#8221;{}&#8221;][et_pb_column type=&#8221;4_4&#8243; _builder_version=&#8221;4.20.2&#8243; _module_preset=&#8221;default&#8221; global_colors_info=&#8221;{}&#8221;][et_pb_image src=&#8221;https:\/\/servicas.es\/wordpress\/wp-content\/uploads\/2023\/03\/separador-arriba.jpg&#8221; title_text=&#8221;separador-arriba&#8221; _builder_version=&#8221;4.20.2&#8243; _module_preset=&#8221;default&#8221; custom_margin=&#8221;0px||||false|false&#8221; custom_padding=&#8221;0px||||false|false&#8221; global_colors_info=&#8221;{}&#8221;][\/et_pb_image][\/et_pb_column][\/et_pb_row][et_pb_row column_structure=&#8221;1_2,1_2&#8243; _builder_version=&#8221;4.20.2&#8243; _module_preset=&#8221;default&#8221; custom_margin=&#8221;50px||||false|false&#8221; global_colors_info=&#8221;{}&#8221;][et_pb_column type=&#8221;1_2&#8243; _builder_version=&#8221;4.20.2&#8243; _module_preset=&#8221;default&#8221; global_colors_info=&#8221;{}&#8221;][et_pb_image src=&#8221;https:\/\/servicas.es\/wordpress\/wp-content\/uploads\/2023\/03\/DESCUENTOS.jpg&#8221; title_text=&#8221;DESCUENTOS&#8221; _builder_version=&#8221;4.20.2&#8243; _module_preset=&#8221;default&#8221; animation_direction=&#8221;left&#8221; global_colors_info=&#8221;{}&#8221;][\/et_pb_image][\/et_pb_column][et_pb_column type=&#8221;1_2&#8243; _builder_version=&#8221;4.20.2&#8243; _module_preset=&#8221;default&#8221; global_colors_info=&#8221;{}&#8221;][et_pb_text _builder_version=&#8221;4.20.2&#8243; _module_preset=&#8221;default&#8221; global_colors_info=&#8221;{}&#8221;]<\/p>\n<h1>\u00bfDESCUENTAZOS?<\/h1>\n<p>\u00a1\u00danete a la newsletter y recibe los mejores descuentos y ofertas personalizadas para tu empresa!<\/p>\n<p>[\/et_pb_text][et_pb_contact_form captcha=&#8221;off&#8221; submit_button_text=&#8221;\u00a1UNETE!&#8221; _builder_version=&#8221;4.20.2&#8243; _module_preset=&#8221;default&#8221; _unique_id=&#8221;107fc9fd-7a42-4a4c-951d-156cf71d5155&#8243; custom_button=&#8221;on&#8221; button_text_size=&#8221;16px&#8221; button_text_color=&#8221;#FFFFFF&#8221; button_bg_color=&#8221;#f71000&#8243; global_colors_info=&#8221;{}&#8221;][et_pb_contact_field field_id=&#8221;Email&#8221; field_title=&#8221;Direcci\u00f3n de correo electr\u00f3nico&#8221; field_type=&#8221;email&#8221; _builder_version=&#8221;4.16&#8243; global_colors_info=&#8221;{}&#8221; button_text_size__hover_enabled=&#8221;off&#8221; button_one_text_size__hover_enabled=&#8221;off&#8221; button_two_text_size__hover_enabled=&#8221;off&#8221; button_text_color__hover_enabled=&#8221;off&#8221; button_one_text_color__hover_enabled=&#8221;off&#8221; button_two_text_color__hover_enabled=&#8221;off&#8221; button_border_width__hover_enabled=&#8221;off&#8221; button_one_border_width__hover_enabled=&#8221;off&#8221; button_two_border_width__hover_enabled=&#8221;off&#8221; button_border_color__hover_enabled=&#8221;off&#8221; button_one_border_color__hover_enabled=&#8221;off&#8221; button_two_border_color__hover_enabled=&#8221;off&#8221; button_border_radius__hover_enabled=&#8221;off&#8221; button_one_border_radius__hover_enabled=&#8221;off&#8221; button_two_border_radius__hover_enabled=&#8221;off&#8221; button_letter_spacing__hover_enabled=&#8221;off&#8221; button_one_letter_spacing__hover_enabled=&#8221;off&#8221; button_two_letter_spacing__hover_enabled=&#8221;off&#8221; button_bg_color__hover_enabled=&#8221;off&#8221; button_one_bg_color__hover_enabled=&#8221;off&#8221; button_two_bg_color__hover_enabled=&#8221;off&#8221;][\/et_pb_contact_field][et_pb_contact_field field_id=&#8221;Field_2&#8243; field_title=&#8221;________________________________________________________________________&#8221; field_type=&#8221;radio&#8221; radio_options=&#8221;%91{%22value%22:%22He le\u00eddo y acepto la Pol\u00edtica de privacidad y deseo recibir ofertas personalizadas para mi empresa%22,%22checked%22:0,%22dragID%22:-1}%93&#8243; fullwidth_field=&#8221;on&#8221; _builder_version=&#8221;4.20.2&#8243; _module_preset=&#8221;default&#8221; global_colors_info=&#8221;{}&#8221; field_title__hover_enabled=&#8221;off|desktop&#8221;][\/et_pb_contact_field][\/et_pb_contact_form][\/et_pb_column][\/et_pb_row][et_pb_row _builder_version=&#8221;4.20.2&#8243; _module_preset=&#8221;default&#8221; custom_margin=&#8221;0px||0px||false|false&#8221; custom_padding=&#8221;0px||0px||false|false&#8221; global_colors_info=&#8221;{}&#8221;][et_pb_column type=&#8221;4_4&#8243; _builder_version=&#8221;4.20.2&#8243; _module_preset=&#8221;default&#8221; global_colors_info=&#8221;{}&#8221;][et_pb_image src=&#8221;https:\/\/servicas.es\/wordpress\/wp-content\/uploads\/2023\/03\/separador-arriba.jpg&#8221; title_text=&#8221;separador-arriba&#8221; _builder_version=&#8221;4.20.2&#8243; _module_preset=&#8221;default&#8221; custom_margin=&#8221;0px||||false|false&#8221; custom_padding=&#8221;0px||||false|false&#8221; global_colors_info=&#8221;{}&#8221;][\/et_pb_image][\/et_pb_column][\/et_pb_row][et_pb_row column_structure=&#8221;1_4,1_4,1_4,1_4&#8243; _builder_version=&#8221;4.20.2&#8243; _module_preset=&#8221;default&#8221; custom_margin=&#8221;0px||||false|false&#8221; global_colors_info=&#8221;{}&#8221;][et_pb_column type=&#8221;1_4&#8243; _builder_version=&#8221;4.20.2&#8243; _module_preset=&#8221;default&#8221; global_colors_info=&#8221;{}&#8221;][et_pb_image src=&#8221;https:\/\/servicas.es\/wordpress\/wp-content\/uploads\/2023\/03\/logo-pie.jpg&#8221; title_text=&#8221;logo-pie&#8221; _builder_version=&#8221;4.20.2&#8243; _module_preset=&#8221;default&#8221; global_colors_info=&#8221;{}&#8221;][\/et_pb_image][et_pb_text _builder_version=&#8221;4.20.2&#8243; _module_preset=&#8221;default&#8221; text_line_height=&#8221;1em&#8221; custom_margin=&#8221;||6px||false|false&#8221; global_colors_info=&#8221;{}&#8221;]<\/p>\n<h6><strong>\u00bfAlguna pregunta?<\/strong><\/h6>\n<p><strong><img loading=\"lazy\" decoding=\"async\" class=\"wp-image-731 alignnone size-full\" src=\"https:\/\/servicas.es\/wordpress\/wp-content\/uploads\/2023\/03\/separador-1.jpg\" alt=\"\" width=\"233\" height=\"5\" \/><\/strong><\/p>\n<p>[\/et_pb_text][et_pb_image src=&#8221;https:\/\/servicas.es\/wordpress\/wp-content\/uploads\/2023\/03\/llamanos-1.jpg&#8221; title_text=&#8221;llamanos&#8221; url=&#8221;tel:964921080&#8243; url_new_window=&#8221;on&#8221; _builder_version=&#8221;4.20.4&#8243; _module_preset=&#8221;default&#8221; custom_margin=&#8221;0px||15px|0px|false|false&#8221; custom_padding=&#8221;0px||15px|0px|false|false&#8221; global_colors_info=&#8221;{}&#8221;][\/et_pb_image][et_pb_text _builder_version=&#8221;4.20.2&#8243; _module_preset=&#8221;default&#8221; text_line_height=&#8221;1em&#8221; custom_margin=&#8221;||6px||false|false&#8221; global_colors_info=&#8221;{}&#8221;]<\/p>\n<h6><strong>Visitanos en:<\/strong><\/h6>\n<p><strong><img loading=\"lazy\" decoding=\"async\" src=\"https:\/\/servicas.es\/wordpress\/wp-content\/uploads\/2023\/03\/separador-1.jpg\" width=\"233\" height=\"5\" alt=\"\" class=\"wp-image-731 alignnone size-full\" \/><\/strong><\/p>\n<p>[\/et_pb_text][et_pb_image src=&#8221;https:\/\/servicas.es\/wordpress\/wp-content\/uploads\/2025\/12\/AAA-direccion-OK.jpg&#8221; title_text=&#8221;AAA-direccion-OK&#8221; url=&#8221;https:\/\/www.google.com\/maps\/dir\/\/Av.+de+Val%C3%A8ncia,+162,+12006+Castell%C3%B3+de+la+Plana,+Castell%C3%B3\/@39.9709478,-0.0653353,15z\/data=!4m8!4m7!1m0!1m5!1m1!1s0xd6001b15dd1a4c1:0x1ee59d2d55accffa!2m2!1d-0.0670007!2d39.962728?entry=ttu&#038;g_ep=EgoyMDI1MTEyMy4xIKXMDSoASAFQAw%3D%3D&#8221; url_new_window=&#8221;on&#8221; _builder_version=&#8221;4.27.4&#8243; _module_preset=&#8221;default&#8221; custom_margin=&#8221;5px||||false|false&#8221; custom_padding=&#8221;10px||||false|false&#8221; hover_enabled=&#8221;0&#8243; global_colors_info=&#8221;{}&#8221; sticky_enabled=&#8221;0&#8243;][\/et_pb_image][\/et_pb_column][et_pb_column type=&#8221;1_4&#8243; _builder_version=&#8221;4.20.2&#8243; _module_preset=&#8221;default&#8221; global_colors_info=&#8221;{}&#8221;][et_pb_text _builder_version=&#8221;4.20.2&#8243; _module_preset=&#8221;default&#8221; text_line_height=&#8221;1em&#8221; global_colors_info=&#8221;{}&#8221;]<\/p>\n<h6><strong>Secciones<\/strong><\/h6>\n<p><strong><img loading=\"lazy\" decoding=\"async\" class=\"wp-image-731 alignnone size-full\" src=\"https:\/\/servicas.es\/wordpress\/wp-content\/uploads\/2023\/03\/separador-1.jpg\" alt=\"\" width=\"233\" height=\"5\" \/><\/strong><\/p>\n<p><a href=\"https:\/\/servicas.es\/wordpress\/\">Suministros industriales<\/a><\/p>\n<p><a href=\"https:\/\/servicas.es\/wordpress\/alquiler\/\">Alquiler<\/a><\/p>\n<p><a href=\"https:\/\/servicas.es\/wordpress\/reparacion\/\">Reparaci\u00f3n<\/a><\/p>\n<p><a href=\"https:\/\/servicas.es\/wordpress\/catalogos\/\">Cat\u00e1logos<\/a><\/p>\n<p><a href=\"https:\/\/servicas.es\/wordpress\/contacto\/\">Contacto<\/a><\/p>\n<p><a href=\"https:\/\/servicas.es\/wordpress\/trabaja-con-nosotros\/\">Trabaja con nosotros<\/a><\/p>\n<p>&nbsp;<\/p>\n<p>&nbsp;<\/p>\n<p>&nbsp;<\/p>\n<p>[\/et_pb_text][\/et_pb_column][et_pb_column type=&#8221;1_4&#8243; _builder_version=&#8221;4.20.2&#8243; _module_preset=&#8221;default&#8221; global_colors_info=&#8221;{}&#8221;][et_pb_text _builder_version=&#8221;4.20.2&#8243; _module_preset=&#8221;default&#8221; text_line_height=&#8221;1em&#8221; global_colors_info=&#8221;{}&#8221;]<\/p>\n<h6><strong>Informaci\u00f3n legal<\/strong><\/h6>\n<p><strong><img loading=\"lazy\" decoding=\"async\" src=\"https:\/\/servicas.es\/wordpress\/wp-content\/uploads\/2023\/03\/separador-1.jpg\" width=\"233\" height=\"5\" alt=\"\" class=\"wp-image-731 alignnone size-full\" \/><\/strong><\/p>\n<p><a href=\"https:\/\/servicas.es\/wordpress\/aviso-legal\/\">Aviso legal<\/a><\/p>\n<p><a href=\"https:\/\/servicas.es\/wordpress\/politica-de-privacidad\/\">Pol\u00edtica de privacidad<\/a><\/p>\n<p><a href=\"https:\/\/servicas.es\/wordpress\/cambios-devoluciones-desestimientos\/\">Cambios \/ Devoluciones \/<\/a><\/p>\n<p><a href=\"https:\/\/servicas.es\/wordpress\/cambios-devoluciones-desestimientos\/\">Desestimientos<\/a><\/p>\n<p><a href=\"https:\/\/servicas.es\/wordpress\/politica-de-envios\/\">Pol\u00edtica de envios<\/a><\/p>\n<p><a href=\"https:\/\/servicas.es\/wordpress\/politica-de-cockies\/\">Pol\u00edtica de cockies<\/a><\/p>\n<p><a href=\"https:\/\/servicas.es\/wordpress\/condiciones-generales\/\">Condiciones generales<\/a><\/p>\n<p><a href=\"https:\/\/servicas.es\/wordpress\/garantia\/\">Garant\u00eda<\/a><\/p>\n<p><a href=\"https:\/\/servicas.es\/wordpress\/FAQS\/\">FAQS<\/a><\/p>\n<p><a href=\"https:\/\/servicas.es\/wordpress\/opiniones-de-la-tienda\/\">Opiniones de la tienda<\/a><\/p>\n<p><a href=\"https:\/\/servicas.es\/wordpress\/Blog\/\">Blog<\/a><\/p>\n<p>&nbsp;<\/p>\n<p>&nbsp;<\/p>\n<p>&nbsp;<\/p>\n<p>[\/et_pb_text][\/et_pb_column][et_pb_column type=&#8221;1_4&#8243; _builder_version=&#8221;4.20.2&#8243; _module_preset=&#8221;default&#8221; global_colors_info=&#8221;{}&#8221;][et_pb_text _builder_version=&#8221;4.20.2&#8243; _module_preset=&#8221;default&#8221; text_line_height=&#8221;1em&#8221; global_colors_info=&#8221;{}&#8221;]<\/p>\n<h6><strong>Horario<\/strong><\/h6>\n<p><strong><img loading=\"lazy\" decoding=\"async\" src=\"https:\/\/servicas.es\/wordpress\/wp-content\/uploads\/2023\/03\/separador-1.jpg\" width=\"233\" height=\"5\" alt=\"\" class=\"wp-image-731 alignnone size-full\" \/><\/strong><\/p>\n<p>Lunes a Viernes<\/p>\n<p>08:00 a 18:00<\/p>\n<p>[\/et_pb_text][et_pb_image src=&#8221;https:\/\/servicas.es\/wordpress\/wp-content\/uploads\/2023\/03\/face.jpg&#8221; title_text=&#8221;face&#8221; url=&#8221;https:\/\/www.facebook.com\/people\/Servicas-Suministros-Industriales\/pfbid037u3rdSR4We4d3vVi11pXL1xAieRWWTj5XD3dCZMkkw1kdE8EGALHBBXW1hQ71aQNl\/&#8221; url_new_window=&#8221;on&#8221; _builder_version=&#8221;4.20.2&#8243; _module_preset=&#8221;default&#8221; custom_margin=&#8221;||10px||false|false&#8221; global_colors_info=&#8221;{}&#8221;][\/et_pb_image][et_pb_image src=&#8221;https:\/\/servicas.es\/wordpress\/wp-content\/uploads\/2023\/03\/youtube.jpg&#8221; title_text=&#8221;youtube&#8221; url=&#8221;https:\/\/www.youtube.com\/channel\/UCJiJEOmBEx9TYTLOz15Eswg&#8221; url_new_window=&#8221;on&#8221; _builder_version=&#8221;4.20.2&#8243; _module_preset=&#8221;default&#8221; custom_margin=&#8221;0px||10px||false|false&#8221; custom_padding=&#8221;0px||||false|false&#8221; global_colors_info=&#8221;{}&#8221;][\/et_pb_image][et_pb_image src=&#8221;https:\/\/servicas.es\/wordpress\/wp-content\/uploads\/2023\/03\/insta.jpg&#8221; title_text=&#8221;insta&#8221; url=&#8221;https:\/\/www.instagram.com\/_servicas\/&#8221; url_new_window=&#8221;on&#8221; _builder_version=&#8221;4.20.2&#8243; _module_preset=&#8221;default&#8221; custom_margin=&#8221;0px||10px||false|false&#8221; custom_padding=&#8221;0px||||false|false&#8221; global_colors_info=&#8221;{}&#8221;][\/et_pb_image][et_pb_image src=&#8221;https:\/\/servicas.es\/wordpress\/wp-content\/uploads\/2023\/03\/in.jpg&#8221; title_text=&#8221;in&#8221; url=&#8221;https:\/\/www.linkedin.com\/in\/servicas-suministros-industriales-513390252\/&#8221; url_new_window=&#8221;on&#8221; _builder_version=&#8221;4.20.2&#8243; _module_preset=&#8221;default&#8221; custom_margin=&#8221;0px||10px||false|false&#8221; custom_padding=&#8221;0px||||false|false&#8221; global_colors_info=&#8221;{}&#8221;][\/et_pb_image][\/et_pb_column][\/et_pb_row][\/et_pb_section]<\/p>\n","protected":false},"excerpt":{"rendered":"<p>REPARA TU M\u00c1QUINA EN 3 PASOS Expl\u00edcanos detalladamente cual es la incidencia aportando la m\u00e1xima informaci\u00f3n que puedas. Rellena el formulario de solicitud de reparaci\u00f3n para que lo estudie nuestro departamento t\u00e9cnico. En cuanto aceptes el presupuesto podr\u00e1s traernos tu maquina para proceder a su reparaci\u00f3n. &nbsp; &nbsp;SERVICIO T\u00c9CNICO MULTIMARCA Actualmente somos el Servicio T\u00e9cnico [&hellip;]<\/p>\n","protected":false},"author":1,"featured_media":0,"parent":0,"menu_order":0,"comment_status":"closed","ping_status":"closed","template":"","meta":{"_et_pb_use_builder":"on","_et_pb_old_content":"","_et_gb_content_width":"","_joinchat":[],"footnotes":""},"class_list":["post-906","page","type-page","status-publish","hentry"],"jetpack_sharing_enabled":true,"_links":{"self":[{"href":"https:\/\/servicas.es\/wordpress\/wp-json\/wp\/v2\/pages\/906","targetHints":{"allow":["GET"]}}],"collection":[{"href":"https:\/\/servicas.es\/wordpress\/wp-json\/wp\/v2\/pages"}],"about":[{"href":"https:\/\/servicas.es\/wordpress\/wp-json\/wp\/v2\/types\/page"}],"author":[{"embeddable":true,"href":"https:\/\/servicas.es\/wordpress\/wp-json\/wp\/v2\/users\/1"}],"replies":[{"embeddable":true,"href":"https:\/\/servicas.es\/wordpress\/wp-json\/wp\/v2\/comments?post=906"}],"version-history":[{"count":21,"href":"https:\/\/servicas.es\/wordpress\/wp-json\/wp\/v2\/pages\/906\/revisions"}],"predecessor-version":[{"id":33247,"href":"https:\/\/servicas.es\/wordpress\/wp-json\/wp\/v2\/pages\/906\/revisions\/33247"}],"wp:attachment":[{"href":"https:\/\/servicas.es\/wordpress\/wp-json\/wp\/v2\/media?parent=906"}],"curies":[{"name":"wp","href":"https:\/\/api.w.org\/{rel}","templated":true}]}}