{"id":835,"date":"2023-03-30T07:52:52","date_gmt":"2023-03-30T07:52:52","guid":{"rendered":"https:\/\/servicas.es\/wordpress\/?page_id=835"},"modified":"2023-03-30T08:04:41","modified_gmt":"2023-03-30T08:04:41","slug":"politica-de-cockies","status":"publish","type":"page","link":"https:\/\/servicas.es\/wordpress\/politica-de-cockies\/","title":{"rendered":"Pol\u00edtica de cookies"},"content":{"rendered":"<p>[et_pb_section fb_built=&#8221;1&#8243; _builder_version=&#8221;4.20.2&#8243; _module_preset=&#8221;default&#8221; custom_margin=&#8221;0px|0px|0px|0px|false|false&#8221; custom_padding=&#8221;0px|0px|0px|0px|false|false&#8221; global_colors_info=&#8221;{}&#8221;][et_pb_row _builder_version=&#8221;4.20.2&#8243; _module_preset=&#8221;default&#8221; custom_margin=&#8221;60px||||false|false&#8221; custom_padding=&#8221;0px||||false|false&#8221; global_colors_info=&#8221;{}&#8221;][et_pb_column type=&#8221;4_4&#8243; _builder_version=&#8221;4.20.2&#8243; _module_preset=&#8221;default&#8221; global_colors_info=&#8221;{}&#8221;][et_pb_text _builder_version=&#8221;4.20.2&#8243; _module_preset=&#8221;default&#8221; min_height=&#8221;86.6px&#8221; custom_margin=&#8221;0px|0px|0px|0px|false|false&#8221; custom_padding=&#8221;0px|0px|0px|0px|false|false&#8221; animation_style=&#8221;slide&#8221; global_colors_info=&#8221;{}&#8221;]<\/p>\n<h1 style=\"text-align: center;\">POL\u00cdTICA DE COOKIES<\/h1>\n<p>[\/et_pb_text][et_pb_text _builder_version=&#8221;4.20.2&#8243; _module_preset=&#8221;default&#8221; global_colors_info=&#8221;{}&#8221;]<\/p>\n<p><strong>\u00bfQu\u00e9 son las cookies?<\/strong><\/p>\n<p>Una cookie es un fichero que se descarga en su ordenador al acceder a determinadas p\u00e1ginas web. Las cookies permiten a una p\u00e1gina web, entre otras cosas, almacenar y recuperar informaci\u00f3n sobre h\u00e1bitos de navegaci\u00f3n de un usuario o de su equipo y, dependiendo de la informaci\u00f3n que contengan y de la forma que utilice su equipo, pueden utilizarse para reconocer al usuario.<\/p>\n<p><strong>\u00bfPara qu\u00e9 utiliza las cookies esta p\u00e1gina web y cu\u00e1les son?<\/strong><\/p>\n<p>Esta p\u00e1gina web utiliza las cookies para una serie de finalidades, incluidas:<\/p>\n<p><strong>An\u00e1lisis:<\/strong> son aquellas cookies que bien, tratadas por nosotros o por terceros, nos permiten cuantificar el n\u00famero de usuarios y as\u00ed realizar la medici\u00f3n y an\u00e1lisis estad\u00edstico de la utilizaci\u00f3n que hacen los usuarios del servicio. Para ello se analiza su navegaci\u00f3n en nuestra p\u00e1gina web con el fin de mejorar la experiencia del usuario.<\/p>\n<p><strong>El detalle de las cookies utilizadas en esta p\u00e1gina web es el siguiente:<\/strong><\/p>\n<p>Cookies: __utma, __utmb, __utmc, __utmz, _ga, _gat<\/p>\n<p>Nombre: Google Analytics<\/p>\n<p>Tipo: De terceros<\/p>\n<p><strong>Prop\u00f3sito:<\/strong> Recoger informaci\u00f3n sobre la navegaci\u00f3n de los usuarios por el sitio con el fin de conocer el origen de las visitas y otros datos similares a nivel estad\u00edstico. No obtiene datos de los nombres o apellidos de los usuarios ni de la direcci\u00f3n postal concreta desde donde se conectan<\/p>\n<p><strong>M\u00e1s informaci\u00f3n:<\/strong> Google Analytics Centro de privacidad de Google: http:\/\/www.google.com\/intl\/es\/policies\/privacy\/<\/p>\n<p><strong>Nota:<\/strong> Las cookies de tipo &#8216;Propias&#8217; son utilizadas s\u00f3lo por el propietario de esta web y las cookies &#8216;De terceros&#8217; son utilizadas, por el prestador del servicio que est\u00e1 detallado en el cuadro anterior.<\/p>\n<p><strong>\u00bfC\u00f3mo puedo desactivar o eliminar estas cookies?<\/strong><\/p>\n<p>Puede usted permitir, bloquear o eliminar las cookies instaladas en su equipo mediante la configuraci\u00f3n de las opciones del navegador instalado en su ordenador:<\/p>\n<p>Firefox: http:\/\/support.mozilla.org\/es\/kb\/habilitar-y-deshabilitar-cookies-que-los-sitios-we<\/p>\n<p>Chrome: http:\/\/support.google.com\/chrome\/bin\/answer.py?hl=es&amp;answer=95647<\/p>\n<p>Explorer: http:\/\/windows.microsoft.com\/es-es\/windows7\/how-to-manage-cookies-in-internet-explorer-9<\/p>\n<p>Safari: http:\/\/support.apple.com\/kb\/ph5042<\/p>\n<p>Opera: http:\/\/help.opera.com\/Windows\/11.50\/es-ES\/cookies.html<\/p>\n<p>Otros navegadores<\/p>\n<p>Consulte la documentaci\u00f3n del navegador que tenga instalado.<\/p>\n<p>Complemento de inhabilitaci\u00f3n para navegadores de Google Analytics<\/p>\n<p>Si desea rechazar las cookies anal\u00edticas de Google Analytics en todos los navegadores, de forma que no se env\u00ede informaci\u00f3n suya a Google Analytics, puede descargar un complemento que realiza esta funci\u00f3n desde este enlace: https:\/\/tools.google.com\/dlpage\/gaoptout.<\/p>\n<p>Ejercicio de derechos<\/p>\n<p>Puede conocer y ejercer sus derechos en materia de protecci\u00f3n de datos accediendo a nuestra Pol\u00edtica de Privacidad.<\/p>\n<p><strong>M\u00c1S INFORMACI\u00d3N SOBRE LAS COOKIES<\/strong><\/p>\n<p><strong>\u00bfQu\u00e9 NO ES una cookie?<\/strong><\/p>\n<p>No es un virus, ni un troyano, ni un gusano, ni spam, ni spyware, ni abre ventanas pop-up.<\/p>\n<p><strong>\u00bfQu\u00e9 informaci\u00f3n almacena una cookie?<\/strong><\/p>\n<p>Las cookies no suelen almacenar informaci\u00f3n sensible sobre usted, como tarjetas de cr\u00e9dito o datos bancarios, fotograf\u00edas, su DNI o informaci\u00f3n personal, etc. Los datos que guardan son de car\u00e1cter t\u00e9cnico, preferencias personales, personalizaci\u00f3n de contenidos, etc.<\/p>\n<p>El servidor web no le asocia a usted como persona si no a su navegador web. De hecho, si usted navega habitualmente con Internet Explorer y prueba a navegar por la misma web con Firefox o Chrome ver\u00e1 que la web no se da cuenta que es usted la misma persona porque en realidad est\u00e1 asociando al navegador, no a la persona.<\/p>\n<p>&nbsp;<\/p>\n<p><strong>\u00bfQu\u00e9 tipo de cookies existen?<\/strong><\/p>\n<p><strong>Cookies t\u00e9cnicas:<\/strong> Son las m\u00e1s elementales y permiten, entre otras cosas, saber cu\u00e1ndo est\u00e1 navegando un humano o una aplicaci\u00f3n automatizada, cu\u00e1ndo navega un usuario an\u00f3nimo y uno registrado, tareas b\u00e1sicas para el funcionamiento de cualquier web din\u00e1mica.<\/p>\n<p><strong>Cookies de an\u00e1lisis:<\/strong> Recogen informaci\u00f3n sobre el tipo de navegaci\u00f3n que est\u00e1 realizando, las secciones que m\u00e1s utiliza, productos consultados, franja horaria de uso, idioma, etc.<\/p>\n<p><strong>Cookies publicitarias:<\/strong> Muestran publicidad en funci\u00f3n de su navegaci\u00f3n, su pa\u00eds de procedencia, idioma, etc.<\/p>\n<p><strong>\u00bfQu\u00e9 son las cookies propias y las de terceros?<\/strong><\/p>\n<p>Las cookies propias son las generadas por la p\u00e1gina que est\u00e1 visitando y las de terceros son las generadas por servicios o proveedores externos como Facebook, Twitter, Google, etc.<\/p>\n<p>&nbsp;<\/p>\n<p><strong>\u00bfQu\u00e9 ocurre si desactivo las cookies?<\/strong><\/p>\n<p>Para que entienda el alcance que puede tener desactivar las cookies le mostramos unos ejemplos:<\/p>\n<p>No podr\u00e1 compartir contenidos de esa web en Facebook, Twitter o cualquier otra red social.<\/p>\n<p>El sitio web no podr\u00e1 adaptar los contenidos a sus preferencias personales, como suele ocurrir en las tiendas online.<\/p>\n<p>No podr\u00e1 acceder al \u00e1rea personal de esa web, como por ejemplo Mi cuenta, o Mi perfil o Mis pedidos.<\/p>\n<p>Tiendas online: Le ser\u00e1 imposible realizar compras online, tendr\u00e1n que ser telef\u00f3nicas o visitando la tienda f\u00edsica si es que dispone de ella.<\/p>\n<p>No ser\u00e1 posible personalizar sus preferencias geogr\u00e1ficas como franja horaria, divisa o idioma.<\/p>\n<p>El sitio web no podr\u00e1 realizar anal\u00edticas web sobre visitantes y tr\u00e1fico en la web, lo que dificultar\u00e1 que la web sea competitiva.<\/p>\n<p>No podr\u00e1 escribir en el blog, no podr\u00e1 subir fotos, publicar comentarios, valorar o puntuar contenidos. La web tampoco podr\u00e1 saber si usted es un humano o una aplicaci\u00f3n automatizada que publica spam.<\/p>\n<p>No se podr\u00e1 mostrar publicidad sectorizada, lo que reducir\u00e1 los ingresos publicitarios de la web.<\/p>\n<p>Todas las redes sociales usan cookies, si las desactiva no podr\u00e1 utilizar ninguna red social.<\/p>\n<p><strong>\u00bfSe pueden eliminar las cookies?<\/strong><\/p>\n<p>S\u00ed. No s\u00f3lo eliminar, tambi\u00e9n bloquear, de forma general o particular para un dominio espec\u00edfico.<\/p>\n<p>Para eliminar las cookies de un sitio web debe ir a la configuraci\u00f3n de su navegador y all\u00ed podr\u00e1 buscar las asociadas al dominio en cuesti\u00f3n y proceder a su eliminaci\u00f3n.<\/p>\n<p>[\/et_pb_text][\/et_pb_column][\/et_pb_row][et_pb_row column_structure=&#8221;1_2,1_2&#8243; _builder_version=&#8221;4.20.2&#8243; _module_preset=&#8221;default&#8221; custom_margin=&#8221;50px||||false|false&#8221; global_colors_info=&#8221;{}&#8221;][et_pb_column type=&#8221;1_2&#8243; _builder_version=&#8221;4.20.2&#8243; _module_preset=&#8221;default&#8221; global_colors_info=&#8221;{}&#8221;][et_pb_image src=&#8221;https:\/\/servicas.es\/wordpress\/wp-content\/uploads\/2023\/03\/DESCUENTOS.jpg&#8221; title_text=&#8221;DESCUENTOS&#8221; _builder_version=&#8221;4.20.2&#8243; _module_preset=&#8221;default&#8221; animation_style=&#8221;slide&#8221; animation_direction=&#8221;left&#8221; global_colors_info=&#8221;{}&#8221;][\/et_pb_image][\/et_pb_column][et_pb_column type=&#8221;1_2&#8243; _builder_version=&#8221;4.20.2&#8243; _module_preset=&#8221;default&#8221; global_colors_info=&#8221;{}&#8221;][et_pb_text _builder_version=&#8221;4.20.2&#8243; _module_preset=&#8221;default&#8221; global_colors_info=&#8221;{}&#8221;]<\/p>\n<h1>\u00bfDESCUENTAZOS?<\/h1>\n<p>\u00a1\u00danete a la newsletter y recibe los mejores descuentos y ofertas personalizadas para tu empresa!<\/p>\n<p>[\/et_pb_text][et_pb_contact_form captcha=&#8221;off&#8221; submit_button_text=&#8221;\u00a1UNETE!&#8221; _builder_version=&#8221;4.20.2&#8243; _module_preset=&#8221;default&#8221; _unique_id=&#8221;107fc9fd-7a42-4a4c-951d-156cf71d5155&#8243; custom_button=&#8221;on&#8221; button_text_size=&#8221;16px&#8221; button_text_color=&#8221;#FFFFFF&#8221; button_bg_color=&#8221;#f71000&#8243; global_colors_info=&#8221;{}&#8221;][et_pb_contact_field field_id=&#8221;Email&#8221; field_title=&#8221;Direcci\u00f3n de correo electr\u00f3nico&#8221; field_type=&#8221;email&#8221; _builder_version=&#8221;4.16&#8243; global_colors_info=&#8221;{}&#8221; button_text_size__hover_enabled=&#8221;off&#8221; button_one_text_size__hover_enabled=&#8221;off&#8221; button_two_text_size__hover_enabled=&#8221;off&#8221; button_text_color__hover_enabled=&#8221;off&#8221; button_one_text_color__hover_enabled=&#8221;off&#8221; button_two_text_color__hover_enabled=&#8221;off&#8221; button_border_width__hover_enabled=&#8221;off&#8221; button_one_border_width__hover_enabled=&#8221;off&#8221; button_two_border_width__hover_enabled=&#8221;off&#8221; button_border_color__hover_enabled=&#8221;off&#8221; button_one_border_color__hover_enabled=&#8221;off&#8221; button_two_border_color__hover_enabled=&#8221;off&#8221; button_border_radius__hover_enabled=&#8221;off&#8221; button_one_border_radius__hover_enabled=&#8221;off&#8221; button_two_border_radius__hover_enabled=&#8221;off&#8221; button_letter_spacing__hover_enabled=&#8221;off&#8221; button_one_letter_spacing__hover_enabled=&#8221;off&#8221; button_two_letter_spacing__hover_enabled=&#8221;off&#8221; button_bg_color__hover_enabled=&#8221;off&#8221; button_one_bg_color__hover_enabled=&#8221;off&#8221; button_two_bg_color__hover_enabled=&#8221;off&#8221;][\/et_pb_contact_field][et_pb_contact_field field_id=&#8221;Field_2&#8243; field_title=&#8221;________________________________________________________________________&#8221; field_type=&#8221;radio&#8221; radio_options=&#8221;%91{%22value%22:%22He le\u00eddo y acepto la Pol\u00edtica de privacidad y deseo recibir ofertas personalizadas para mi empresa%22,%22checked%22:0,%22dragID%22:-1}%93&#8243; fullwidth_field=&#8221;on&#8221; _builder_version=&#8221;4.20.2&#8243; _module_preset=&#8221;default&#8221; global_colors_info=&#8221;{}&#8221; field_title__hover_enabled=&#8221;off|desktop&#8221;][\/et_pb_contact_field][\/et_pb_contact_form][\/et_pb_column][\/et_pb_row][et_pb_row _builder_version=&#8221;4.20.2&#8243; _module_preset=&#8221;default&#8221; custom_margin=&#8221;0px||0px||false|false&#8221; custom_padding=&#8221;0px||0px||false|false&#8221; global_colors_info=&#8221;{}&#8221;][et_pb_column type=&#8221;4_4&#8243; _builder_version=&#8221;4.20.2&#8243; _module_preset=&#8221;default&#8221; global_colors_info=&#8221;{}&#8221;][et_pb_image src=&#8221;https:\/\/servicas.es\/wordpress\/wp-content\/uploads\/2023\/03\/separador-arriba.jpg&#8221; title_text=&#8221;separador-arriba&#8221; _builder_version=&#8221;4.20.2&#8243; _module_preset=&#8221;default&#8221; custom_margin=&#8221;0px||||false|false&#8221; custom_padding=&#8221;0px||||false|false&#8221; global_colors_info=&#8221;{}&#8221;][\/et_pb_image][\/et_pb_column][\/et_pb_row][et_pb_row column_structure=&#8221;1_4,1_4,1_4,1_4&#8243; _builder_version=&#8221;4.20.2&#8243; _module_preset=&#8221;default&#8221; custom_margin=&#8221;0px||||false|false&#8221; global_colors_info=&#8221;{}&#8221;][et_pb_column type=&#8221;1_4&#8243; _builder_version=&#8221;4.20.2&#8243; _module_preset=&#8221;default&#8221; global_colors_info=&#8221;{}&#8221;][et_pb_image src=&#8221;https:\/\/servicas.es\/wordpress\/wp-content\/uploads\/2023\/03\/logo-pie.jpg&#8221; title_text=&#8221;logo-pie&#8221; _builder_version=&#8221;4.20.2&#8243; _module_preset=&#8221;default&#8221; global_colors_info=&#8221;{}&#8221;][\/et_pb_image][et_pb_text _builder_version=&#8221;4.20.2&#8243; _module_preset=&#8221;default&#8221; text_line_height=&#8221;1em&#8221; custom_margin=&#8221;||6px||false|false&#8221; global_colors_info=&#8221;{}&#8221;]<\/p>\n<h6><strong>\u00bfAlguna pregunta?<\/strong><\/h6>\n<p><strong><img loading=\"lazy\" decoding=\"async\" class=\"wp-image-731 alignnone size-full\" src=\"https:\/\/servicas.es\/wordpress\/wp-content\/uploads\/2023\/03\/separador-1.jpg\" alt=\"\" width=\"233\" height=\"5\" \/><\/strong><\/p>\n<p>[\/et_pb_text][et_pb_image src=&#8221;https:\/\/servicas.es\/wordpress\/wp-content\/uploads\/2023\/03\/llamanos.jpg&#8221; title_text=&#8221;llamanos&#8221; url=&#8221;tel:613602203&#8243; url_new_window=&#8221;on&#8221; _builder_version=&#8221;4.20.2&#8243; _module_preset=&#8221;default&#8221; custom_margin=&#8221;0px||0px|0px|false|false&#8221; custom_padding=&#8221;0px||0px|0px|false|false&#8221; global_colors_info=&#8221;{}&#8221;][\/et_pb_image][et_pb_image src=&#8221;https:\/\/servicas.es\/wordpress\/wp-content\/uploads\/2023\/03\/escribenos.jpg&#8221; title_text=&#8221;escribenos&#8221; url=&#8221;https:\/\/wa.link\/c6x30u&#8221; url_new_window=&#8221;on&#8221; _builder_version=&#8221;4.20.2&#8243; _module_preset=&#8221;default&#8221; custom_margin=&#8221;5px|||5px|false|false&#8221; global_colors_info=&#8221;{}&#8221;][\/et_pb_image][et_pb_text _builder_version=&#8221;4.20.2&#8243; _module_preset=&#8221;default&#8221; text_line_height=&#8221;1em&#8221; custom_margin=&#8221;||6px||false|false&#8221; global_colors_info=&#8221;{}&#8221;]<\/p>\n<h6><strong>Visitanos en:<\/strong><\/h6>\n<p><strong><img loading=\"lazy\" decoding=\"async\" src=\"https:\/\/servicas.es\/wordpress\/wp-content\/uploads\/2023\/03\/separador-1.jpg\" width=\"233\" height=\"5\" alt=\"\" class=\"wp-image-731 alignnone size-full\" \/><\/strong><\/p>\n<p>[\/et_pb_text][et_pb_image src=&#8221;https:\/\/servicas.es\/wordpress\/wp-content\/uploads\/2023\/03\/direccion.jpg&#8221; title_text=&#8221;direccion&#8221; url=&#8221;https:\/\/www.google.com\/maps\/dir\/39.9637315,-0.0648766\/SERVICAS+SUMINISTROS+INDUSTRIALES,+C.+Els+Ports,+2,+12005+Castell%C3%B3n+de+la+Plana,+Castell%C3%B3n\/@39.9636558,-0.0669742,17z\/data=!3m1!4b1!4m18!1m7!3m6!1s0xd6001b15dd1a4c1:0x1ee59d2d55accffa!2sSERVICAS+SUMINISTROS+INDUSTRIALES!8m2!3d39.9635583!4d-0.064796!16s%2Fg%2F11fl9hnlc8!4m9!1m1!4e1!1m5!1m1!1s0xd6001b15dd1a4c1:0x1ee59d2d55accffa!2m2!1d-0.064796!2d39.9635583!3e2?hl=es&#8221; url_new_window=&#8221;on&#8221; _builder_version=&#8221;4.20.2&#8243; _module_preset=&#8221;default&#8221; custom_margin=&#8221;5px||||false|false&#8221; custom_padding=&#8221;10px||||false|false&#8221; global_colors_info=&#8221;{}&#8221;][\/et_pb_image][\/et_pb_column][et_pb_column type=&#8221;1_4&#8243; _builder_version=&#8221;4.20.2&#8243; _module_preset=&#8221;default&#8221; global_colors_info=&#8221;{}&#8221;][et_pb_text _builder_version=&#8221;4.20.2&#8243; _module_preset=&#8221;default&#8221; text_line_height=&#8221;1em&#8221; global_colors_info=&#8221;{}&#8221;]<\/p>\n<h6><strong>Secciones<\/strong><\/h6>\n<p><strong><img loading=\"lazy\" decoding=\"async\" class=\"wp-image-731 alignnone size-full\" src=\"https:\/\/servicas.es\/wordpress\/wp-content\/uploads\/2023\/03\/separador-1.jpg\" alt=\"\" width=\"233\" height=\"5\" \/><\/strong><\/p>\n<p><a href=\"https:\/\/servicas.es\/wordpress\/\">Suministros industriales<\/a><\/p>\n<p><a href=\"https:\/\/servicas.es\/wordpress\/alquiler\/\">Alquiler<\/a><\/p>\n<p><a href=\"https:\/\/servicas.es\/wordpress\/reparacion\/\">Reparaci\u00f3n<\/a><\/p>\n<p><a href=\"https:\/\/servicas.es\/wordpress\/catalogos\/\">Cat\u00e1logos<\/a><\/p>\n<p><a href=\"https:\/\/servicas.es\/wordpress\/contacto\/\">Contacto<\/a><\/p>\n<p><a href=\"https:\/\/servicas.es\/wordpress\/trabaja-con-nosotros\/\">Trabaja con nosotros<\/a><\/p>\n<p>&nbsp;<\/p>\n<p>&nbsp;<\/p>\n<p>&nbsp;<\/p>\n<p>[\/et_pb_text][\/et_pb_column][et_pb_column type=&#8221;1_4&#8243; _builder_version=&#8221;4.20.2&#8243; _module_preset=&#8221;default&#8221; global_colors_info=&#8221;{}&#8221;][et_pb_text _builder_version=&#8221;4.20.2&#8243; _module_preset=&#8221;default&#8221; text_line_height=&#8221;1em&#8221; hover_enabled=&#8221;0&#8243; global_colors_info=&#8221;{}&#8221; sticky_enabled=&#8221;0&#8243;]<\/p>\n<h6><strong>Informaci\u00f3n legal<\/strong><\/h6>\n<p><strong><img loading=\"lazy\" decoding=\"async\" class=\"wp-image-731 alignnone size-full\" src=\"https:\/\/servicas.es\/wordpress\/wp-content\/uploads\/2023\/03\/separador-1.jpg\" alt=\"\" width=\"233\" height=\"5\" \/><\/strong><\/p>\n<p><a href=\"https:\/\/servicas.es\/wordpress\/aviso-legal\/\">Aviso legal<\/a><\/p>\n<p><a href=\"https:\/\/servicas.es\/wordpress\/politica-de-privacidad\/\">Pol\u00edtica de privacidad<\/a><\/p>\n<p><a href=\"https:\/\/servicas.es\/wordpress\/cambios-devoluciones-desistimientos\/\">Cambios \/ Devoluciones \/<\/a><\/p>\n<p><a href=\"https:\/\/servicas.es\/wordpress\/cambios-devoluciones-desistimientos\/\">Desistimientos<\/a><\/p>\n<p><a href=\"https:\/\/servicas.es\/wordpress\/politica-de-envios\/\">Pol\u00edtica de envios<\/a><\/p>\n<p><a href=\"https:\/\/servicas.es\/wordpress\/politica-de-cockies\/\">Pol\u00edtica de cockies<\/a><\/p>\n<p><a href=\"https:\/\/servicas.es\/wordpress\/condiciones-generales\/\">Condiciones generales<\/a><\/p>\n<p><a href=\"https:\/\/servicas.es\/wordpress\/garantia\/\">Garant\u00eda<\/a><\/p>\n<p><a href=\"https:\/\/servicas.es\/wordpress\/FAQS\/\">FAQS<\/a><\/p>\n<p><a href=\"https:\/\/servicas.es\/wordpress\/opiniones-de-la-tienda\/\">Opiniones de la tienda<\/a><\/p>\n<p><a href=\"https:\/\/servicas.es\/wordpress\/Blog\/\">Blog<\/a><\/p>\n<p>&nbsp;<\/p>\n<p>&nbsp;<\/p>\n<p>&nbsp;<\/p>\n<p>[\/et_pb_text][\/et_pb_column][et_pb_column type=&#8221;1_4&#8243; _builder_version=&#8221;4.20.2&#8243; _module_preset=&#8221;default&#8221; global_colors_info=&#8221;{}&#8221;][et_pb_text _builder_version=&#8221;4.20.2&#8243; _module_preset=&#8221;default&#8221; text_line_height=&#8221;1em&#8221; global_colors_info=&#8221;{}&#8221;]<\/p>\n<h6><strong>Horario<\/strong><\/h6>\n<p><strong><img loading=\"lazy\" decoding=\"async\" src=\"https:\/\/servicas.es\/wordpress\/wp-content\/uploads\/2023\/03\/separador-1.jpg\" width=\"233\" height=\"5\" alt=\"\" class=\"wp-image-731 alignnone size-full\" \/><\/strong><\/p>\n<p>Lunes a Viernes<\/p>\n<p>08:00 a 18:00<\/p>\n<p>[\/et_pb_text][et_pb_image src=&#8221;https:\/\/servicas.es\/wordpress\/wp-content\/uploads\/2023\/03\/face.jpg&#8221; title_text=&#8221;face&#8221; url=&#8221;https:\/\/www.facebook.com\/people\/Servicas-Suministros-Industriales\/pfbid037u3rdSR4We4d3vVi11pXL1xAieRWWTj5XD3dCZMkkw1kdE8EGALHBBXW1hQ71aQNl\/&#8221; url_new_window=&#8221;on&#8221; _builder_version=&#8221;4.20.2&#8243; _module_preset=&#8221;default&#8221; custom_margin=&#8221;||10px||false|false&#8221; global_colors_info=&#8221;{}&#8221;][\/et_pb_image][et_pb_image src=&#8221;https:\/\/servicas.es\/wordpress\/wp-content\/uploads\/2023\/03\/youtube.jpg&#8221; title_text=&#8221;youtube&#8221; url=&#8221;https:\/\/www.youtube.com\/channel\/UCJiJEOmBEx9TYTLOz15Eswg&#8221; url_new_window=&#8221;on&#8221; _builder_version=&#8221;4.20.2&#8243; _module_preset=&#8221;default&#8221; custom_margin=&#8221;0px||10px||false|false&#8221; custom_padding=&#8221;0px||||false|false&#8221; global_colors_info=&#8221;{}&#8221;][\/et_pb_image][et_pb_image src=&#8221;https:\/\/servicas.es\/wordpress\/wp-content\/uploads\/2023\/03\/insta.jpg&#8221; title_text=&#8221;insta&#8221; url=&#8221;https:\/\/www.instagram.com\/_servicas\/&#8221; url_new_window=&#8221;on&#8221; _builder_version=&#8221;4.20.2&#8243; _module_preset=&#8221;default&#8221; custom_margin=&#8221;0px||10px||false|false&#8221; custom_padding=&#8221;0px||||false|false&#8221; global_colors_info=&#8221;{}&#8221;][\/et_pb_image][et_pb_image src=&#8221;https:\/\/servicas.es\/wordpress\/wp-content\/uploads\/2023\/03\/in.jpg&#8221; title_text=&#8221;in&#8221; url=&#8221;https:\/\/www.linkedin.com\/in\/servicas-suministros-industriales-513390252\/&#8221; url_new_window=&#8221;on&#8221; _builder_version=&#8221;4.20.2&#8243; _module_preset=&#8221;default&#8221; custom_margin=&#8221;0px||10px||false|false&#8221; custom_padding=&#8221;0px||||false|false&#8221; global_colors_info=&#8221;{}&#8221;][\/et_pb_image][\/et_pb_column][\/et_pb_row][\/et_pb_section]<\/p>\n","protected":false},"excerpt":{"rendered":"<p>POL\u00cdTICA DE COOKIES\u00bfQu\u00e9 son las cookies? Una cookie es un fichero que se descarga en su ordenador al acceder a determinadas p\u00e1ginas web. Las cookies permiten a una p\u00e1gina web, entre otras cosas, almacenar y recuperar informaci\u00f3n sobre h\u00e1bitos de navegaci\u00f3n de un usuario o de su equipo y, dependiendo de la informaci\u00f3n que contengan [&hellip;]<\/p>\n","protected":false},"author":1,"featured_media":0,"parent":0,"menu_order":0,"comment_status":"closed","ping_status":"closed","template":"","meta":{"_et_pb_use_builder":"on","_et_pb_old_content":"","_et_gb_content_width":"","_joinchat":[],"footnotes":""},"class_list":["post-835","page","type-page","status-publish","hentry"],"jetpack_sharing_enabled":true,"_links":{"self":[{"href":"https:\/\/servicas.es\/wordpress\/wp-json\/wp\/v2\/pages\/835","targetHints":{"allow":["GET"]}}],"collection":[{"href":"https:\/\/servicas.es\/wordpress\/wp-json\/wp\/v2\/pages"}],"about":[{"href":"https:\/\/servicas.es\/wordpress\/wp-json\/wp\/v2\/types\/page"}],"author":[{"embeddable":true,"href":"https:\/\/servicas.es\/wordpress\/wp-json\/wp\/v2\/users\/1"}],"replies":[{"embeddable":true,"href":"https:\/\/servicas.es\/wordpress\/wp-json\/wp\/v2\/comments?post=835"}],"version-history":[{"count":5,"href":"https:\/\/servicas.es\/wordpress\/wp-json\/wp\/v2\/pages\/835\/revisions"}],"predecessor-version":[{"id":842,"href":"https:\/\/servicas.es\/wordpress\/wp-json\/wp\/v2\/pages\/835\/revisions\/842"}],"wp:attachment":[{"href":"https:\/\/servicas.es\/wordpress\/wp-json\/wp\/v2\/media?parent=835"}],"curies":[{"name":"wp","href":"https:\/\/api.w.org\/{rel}","templated":true}]}}