{"id":832,"date":"2023-03-30T07:50:06","date_gmt":"2023-03-30T07:50:06","guid":{"rendered":"https:\/\/servicas.es\/wordpress\/?page_id=832"},"modified":"2023-03-30T08:03:46","modified_gmt":"2023-03-30T08:03:46","slug":"politica-de-envios","status":"publish","type":"page","link":"https:\/\/servicas.es\/wordpress\/politica-de-envios\/","title":{"rendered":"Pol\u00edtica de envios"},"content":{"rendered":"<p>[et_pb_section fb_built=&#8221;1&#8243; _builder_version=&#8221;4.20.2&#8243; _module_preset=&#8221;default&#8221; custom_margin=&#8221;0px|0px|0px|0px|false|false&#8221; custom_padding=&#8221;0px|0px|0px|0px|false|false&#8221; global_colors_info=&#8221;{}&#8221;][et_pb_row _builder_version=&#8221;4.20.2&#8243; _module_preset=&#8221;default&#8221; custom_margin=&#8221;60px||||false|false&#8221; custom_padding=&#8221;0px||||false|false&#8221; global_colors_info=&#8221;{}&#8221;][et_pb_column type=&#8221;4_4&#8243; _builder_version=&#8221;4.20.2&#8243; _module_preset=&#8221;default&#8221; global_colors_info=&#8221;{}&#8221;][et_pb_text _builder_version=&#8221;4.20.2&#8243; _module_preset=&#8221;default&#8221; min_height=&#8221;86.6px&#8221; custom_margin=&#8221;0px|0px|0px|0px|false|false&#8221; custom_padding=&#8221;0px|0px|0px|0px|false|false&#8221; animation_style=&#8221;slide&#8221; global_colors_info=&#8221;{}&#8221;]<\/p>\n<h1 style=\"text-align: center;\">POL\u00cdTICA DE ENVIOS<\/h1>\n<p>[\/et_pb_text][et_pb_text _builder_version=&#8221;4.20.2&#8243; _module_preset=&#8221;default&#8221; global_colors_info=&#8221;{}&#8221;]<\/p>\n<p>Los pedidos que realices en SERVICAS se enviar\u00e1n en aproximadamente 3 o 4 d\u00edas h\u00e1biles, una vez realizada la compra. Dependiendo del tipo de maquinaria (en concreto maquinaria pesada) el plazo de entrega puede variar. Si necesitas m\u00e1s informaci\u00f3n acerca\u00a0del plazo de entrega de tu\u00a0pedido, no dudes en contactar con nuestro servicio de atenci\u00f3n al cliente al tel\u00e9fono 681379061, de Lunes a Viernes de 08:00h a 16:30h. Si hubiese alg\u00fan motivo por el cual se demorase el env\u00edo, se te informar\u00e1 mediante un email para indicarle una fecha aproximada de suministro.<\/p>\n<p>Una vez enviemos el pedido, su plazo de entrega se realizar\u00e1 en 72 horas aproximadamente mediante la empresa de transporte de Correos Express o DHL.<\/p>\n<p>Aconsejamos que facilites una direcci\u00f3n, en la que una persona pueda recoger el pedido, ya que la empresa de transporte requerir\u00e1 de una firma para la\u00a0 recepci\u00f3n y entrega del env\u00edo. Todas nuestras entregas se realizan en d\u00edas laborables, excluyendo los s\u00e1bados, domingos y festivos.<\/p>\n<p>Si deseas realizar un cambio en la direcci\u00f3n de entrega del pedido, ha de ser antes de que haya sido enviado, de lo contrario, te podr\u00eda suponer un sobrecoste, y a su vez, una variaci\u00f3n en los plazos de entrega.<\/p>\n<p>En las compras que realices con la modalidad de pago de Transferencia Bancaria, los plazos de env\u00edo y entrega podr\u00e1n variar.<\/p>\n<p>Servicas no realiza env\u00edos a apartados de correos.<\/p>\n<p>&nbsp;<\/p>\n<p><strong>GASTOS DE ENV\u00cdO<\/strong><\/p>\n<p>\u00a1Enviamos a todo el mundo! Aqu\u00ed te especificamos las tarifas.<\/p>\n<p><strong>Env\u00edos nacionales<\/strong><\/p>\n<p>Espa\u00f1a (pen\u00ednsula) \u00a04,95\u20ac.<\/p>\n<p>Baleares \u00a05,99\u20ac.<\/p>\n<p>&#8211; En env\u00edos superiores a 35\u20ac, gastos gratuitos en pen\u00ednsula.<\/p>\n<p>&#8211; En env\u00edos superiores a 70\u20ac, gastos gratuitos en Baleares.<\/p>\n<p>&#8211; Env\u00edos a Ceuta y Melilla, se ha de abonar por adelantado 50\u20ac en concepto de pagos de aduanas.\u00a0<\/p>\n<p><strong>Env\u00edos internacionales<\/strong><\/p>\n<p>Consultar en info@servicas.es<\/p>\n<p>[\/et_pb_text][\/et_pb_column][\/et_pb_row][et_pb_row column_structure=&#8221;1_2,1_2&#8243; _builder_version=&#8221;4.20.2&#8243; _module_preset=&#8221;default&#8221; custom_margin=&#8221;50px||||false|false&#8221; global_colors_info=&#8221;{}&#8221;][et_pb_column type=&#8221;1_2&#8243; _builder_version=&#8221;4.20.2&#8243; _module_preset=&#8221;default&#8221; global_colors_info=&#8221;{}&#8221;][et_pb_image src=&#8221;https:\/\/servicas.es\/wordpress\/wp-content\/uploads\/2023\/03\/DESCUENTOS.jpg&#8221; title_text=&#8221;DESCUENTOS&#8221; _builder_version=&#8221;4.20.2&#8243; _module_preset=&#8221;default&#8221; animation_style=&#8221;slide&#8221; animation_direction=&#8221;left&#8221; global_colors_info=&#8221;{}&#8221;][\/et_pb_image][\/et_pb_column][et_pb_column type=&#8221;1_2&#8243; _builder_version=&#8221;4.20.2&#8243; _module_preset=&#8221;default&#8221; global_colors_info=&#8221;{}&#8221;][et_pb_text _builder_version=&#8221;4.20.2&#8243; _module_preset=&#8221;default&#8221; global_colors_info=&#8221;{}&#8221;]<\/p>\n<h1>\u00bfDESCUENTAZOS?<\/h1>\n<p>\u00a1\u00danete a la newsletter y recibe los mejores descuentos y ofertas personalizadas para tu empresa!<\/p>\n<p>[\/et_pb_text][et_pb_contact_form captcha=&#8221;off&#8221; submit_button_text=&#8221;\u00a1UNETE!&#8221; _builder_version=&#8221;4.20.2&#8243; _module_preset=&#8221;default&#8221; _unique_id=&#8221;107fc9fd-7a42-4a4c-951d-156cf71d5155&#8243; custom_button=&#8221;on&#8221; button_text_size=&#8221;16px&#8221; button_text_color=&#8221;#FFFFFF&#8221; button_bg_color=&#8221;#f71000&#8243; global_colors_info=&#8221;{}&#8221;][et_pb_contact_field field_id=&#8221;Email&#8221; field_title=&#8221;Direcci\u00f3n de correo electr\u00f3nico&#8221; field_type=&#8221;email&#8221; _builder_version=&#8221;4.16&#8243; global_colors_info=&#8221;{}&#8221; button_text_size__hover_enabled=&#8221;off&#8221; button_one_text_size__hover_enabled=&#8221;off&#8221; button_two_text_size__hover_enabled=&#8221;off&#8221; button_text_color__hover_enabled=&#8221;off&#8221; button_one_text_color__hover_enabled=&#8221;off&#8221; button_two_text_color__hover_enabled=&#8221;off&#8221; button_border_width__hover_enabled=&#8221;off&#8221; button_one_border_width__hover_enabled=&#8221;off&#8221; button_two_border_width__hover_enabled=&#8221;off&#8221; button_border_color__hover_enabled=&#8221;off&#8221; button_one_border_color__hover_enabled=&#8221;off&#8221; button_two_border_color__hover_enabled=&#8221;off&#8221; button_border_radius__hover_enabled=&#8221;off&#8221; button_one_border_radius__hover_enabled=&#8221;off&#8221; button_two_border_radius__hover_enabled=&#8221;off&#8221; button_letter_spacing__hover_enabled=&#8221;off&#8221; button_one_letter_spacing__hover_enabled=&#8221;off&#8221; button_two_letter_spacing__hover_enabled=&#8221;off&#8221; button_bg_color__hover_enabled=&#8221;off&#8221; button_one_bg_color__hover_enabled=&#8221;off&#8221; button_two_bg_color__hover_enabled=&#8221;off&#8221;][\/et_pb_contact_field][et_pb_contact_field field_id=&#8221;Field_2&#8243; field_title=&#8221;________________________________________________________________________&#8221; field_type=&#8221;radio&#8221; radio_options=&#8221;%91{%22value%22:%22He le\u00eddo y acepto la Pol\u00edtica de privacidad y deseo recibir ofertas personalizadas para mi empresa%22,%22checked%22:0,%22dragID%22:-1}%93&#8243; fullwidth_field=&#8221;on&#8221; _builder_version=&#8221;4.20.2&#8243; _module_preset=&#8221;default&#8221; global_colors_info=&#8221;{}&#8221; field_title__hover_enabled=&#8221;off|desktop&#8221;][\/et_pb_contact_field][\/et_pb_contact_form][\/et_pb_column][\/et_pb_row][et_pb_row _builder_version=&#8221;4.20.2&#8243; _module_preset=&#8221;default&#8221; custom_margin=&#8221;0px||0px||false|false&#8221; custom_padding=&#8221;0px||0px||false|false&#8221; global_colors_info=&#8221;{}&#8221;][et_pb_column type=&#8221;4_4&#8243; _builder_version=&#8221;4.20.2&#8243; _module_preset=&#8221;default&#8221; global_colors_info=&#8221;{}&#8221;][et_pb_image src=&#8221;https:\/\/servicas.es\/wordpress\/wp-content\/uploads\/2023\/03\/separador-arriba.jpg&#8221; title_text=&#8221;separador-arriba&#8221; _builder_version=&#8221;4.20.2&#8243; _module_preset=&#8221;default&#8221; custom_margin=&#8221;0px||||false|false&#8221; custom_padding=&#8221;0px||||false|false&#8221; global_colors_info=&#8221;{}&#8221;][\/et_pb_image][\/et_pb_column][\/et_pb_row][et_pb_row column_structure=&#8221;1_4,1_4,1_4,1_4&#8243; _builder_version=&#8221;4.20.2&#8243; _module_preset=&#8221;default&#8221; custom_margin=&#8221;0px||||false|false&#8221; global_colors_info=&#8221;{}&#8221;][et_pb_column type=&#8221;1_4&#8243; _builder_version=&#8221;4.20.2&#8243; _module_preset=&#8221;default&#8221; global_colors_info=&#8221;{}&#8221;][et_pb_image src=&#8221;https:\/\/servicas.es\/wordpress\/wp-content\/uploads\/2023\/03\/logo-pie.jpg&#8221; title_text=&#8221;logo-pie&#8221; _builder_version=&#8221;4.20.2&#8243; _module_preset=&#8221;default&#8221; global_colors_info=&#8221;{}&#8221;][\/et_pb_image][et_pb_text _builder_version=&#8221;4.20.2&#8243; _module_preset=&#8221;default&#8221; text_line_height=&#8221;1em&#8221; custom_margin=&#8221;||6px||false|false&#8221; global_colors_info=&#8221;{}&#8221;]<\/p>\n<h6><strong>\u00bfAlguna pregunta?<\/strong><\/h6>\n<p><strong><img loading=\"lazy\" decoding=\"async\" class=\"wp-image-731 alignnone size-full\" src=\"https:\/\/servicas.es\/wordpress\/wp-content\/uploads\/2023\/03\/separador-1.jpg\" alt=\"\" width=\"233\" height=\"5\" \/><\/strong><\/p>\n<p>[\/et_pb_text][et_pb_image src=&#8221;https:\/\/servicas.es\/wordpress\/wp-content\/uploads\/2023\/03\/llamanos.jpg&#8221; title_text=&#8221;llamanos&#8221; url=&#8221;tel:613602203&#8243; url_new_window=&#8221;on&#8221; _builder_version=&#8221;4.20.2&#8243; _module_preset=&#8221;default&#8221; custom_margin=&#8221;0px||0px|0px|false|false&#8221; custom_padding=&#8221;0px||0px|0px|false|false&#8221; global_colors_info=&#8221;{}&#8221;][\/et_pb_image][et_pb_image src=&#8221;https:\/\/servicas.es\/wordpress\/wp-content\/uploads\/2023\/03\/escribenos.jpg&#8221; title_text=&#8221;escribenos&#8221; url=&#8221;https:\/\/wa.link\/c6x30u&#8221; url_new_window=&#8221;on&#8221; _builder_version=&#8221;4.20.2&#8243; _module_preset=&#8221;default&#8221; custom_margin=&#8221;5px|||5px|false|false&#8221; global_colors_info=&#8221;{}&#8221;][\/et_pb_image][et_pb_text _builder_version=&#8221;4.20.2&#8243; _module_preset=&#8221;default&#8221; text_line_height=&#8221;1em&#8221; custom_margin=&#8221;||6px||false|false&#8221; global_colors_info=&#8221;{}&#8221;]<\/p>\n<h6><strong>Visitanos en:<\/strong><\/h6>\n<p><strong><img loading=\"lazy\" decoding=\"async\" src=\"https:\/\/servicas.es\/wordpress\/wp-content\/uploads\/2023\/03\/separador-1.jpg\" width=\"233\" height=\"5\" alt=\"\" class=\"wp-image-731 alignnone size-full\" \/><\/strong><\/p>\n<p>[\/et_pb_text][et_pb_image src=&#8221;https:\/\/servicas.es\/wordpress\/wp-content\/uploads\/2023\/03\/direccion.jpg&#8221; title_text=&#8221;direccion&#8221; url=&#8221;https:\/\/www.google.com\/maps\/dir\/39.9637315,-0.0648766\/SERVICAS+SUMINISTROS+INDUSTRIALES,+C.+Els+Ports,+2,+12005+Castell%C3%B3n+de+la+Plana,+Castell%C3%B3n\/@39.9636558,-0.0669742,17z\/data=!3m1!4b1!4m18!1m7!3m6!1s0xd6001b15dd1a4c1:0x1ee59d2d55accffa!2sSERVICAS+SUMINISTROS+INDUSTRIALES!8m2!3d39.9635583!4d-0.064796!16s%2Fg%2F11fl9hnlc8!4m9!1m1!4e1!1m5!1m1!1s0xd6001b15dd1a4c1:0x1ee59d2d55accffa!2m2!1d-0.064796!2d39.9635583!3e2?hl=es&#8221; url_new_window=&#8221;on&#8221; _builder_version=&#8221;4.20.2&#8243; _module_preset=&#8221;default&#8221; custom_margin=&#8221;5px||||false|false&#8221; custom_padding=&#8221;10px||||false|false&#8221; global_colors_info=&#8221;{}&#8221;][\/et_pb_image][\/et_pb_column][et_pb_column type=&#8221;1_4&#8243; _builder_version=&#8221;4.20.2&#8243; _module_preset=&#8221;default&#8221; global_colors_info=&#8221;{}&#8221;][et_pb_text _builder_version=&#8221;4.20.2&#8243; _module_preset=&#8221;default&#8221; text_line_height=&#8221;1em&#8221; global_colors_info=&#8221;{}&#8221;]<\/p>\n<h6><strong>Secciones<\/strong><\/h6>\n<p><strong><img loading=\"lazy\" decoding=\"async\" class=\"wp-image-731 alignnone size-full\" src=\"https:\/\/servicas.es\/wordpress\/wp-content\/uploads\/2023\/03\/separador-1.jpg\" alt=\"\" width=\"233\" height=\"5\" \/><\/strong><\/p>\n<p><a href=\"https:\/\/servicas.es\/wordpress\/\">Suministros industriales<\/a><\/p>\n<p><a href=\"https:\/\/servicas.es\/wordpress\/alquiler\/\">Alquiler<\/a><\/p>\n<p><a href=\"https:\/\/servicas.es\/wordpress\/reparacion\/\">Reparaci\u00f3n<\/a><\/p>\n<p><a href=\"https:\/\/servicas.es\/wordpress\/catalogos\/\">Cat\u00e1logos<\/a><\/p>\n<p><a href=\"https:\/\/servicas.es\/wordpress\/contacto\/\">Contacto<\/a><\/p>\n<p><a href=\"https:\/\/servicas.es\/wordpress\/trabaja-con-nosotros\/\">Trabaja con nosotros<\/a><\/p>\n<p>&nbsp;<\/p>\n<p>&nbsp;<\/p>\n<p>&nbsp;<\/p>\n<p>[\/et_pb_text][\/et_pb_column][et_pb_column type=&#8221;1_4&#8243; _builder_version=&#8221;4.20.2&#8243; _module_preset=&#8221;default&#8221; global_colors_info=&#8221;{}&#8221;][et_pb_text _builder_version=&#8221;4.20.2&#8243; _module_preset=&#8221;default&#8221; text_line_height=&#8221;1em&#8221; hover_enabled=&#8221;0&#8243; global_colors_info=&#8221;{}&#8221; sticky_enabled=&#8221;0&#8243;]<\/p>\n<h6><strong>Informaci\u00f3n legal<\/strong><\/h6>\n<p><strong><img loading=\"lazy\" decoding=\"async\" class=\"wp-image-731 alignnone size-full\" src=\"https:\/\/servicas.es\/wordpress\/wp-content\/uploads\/2023\/03\/separador-1.jpg\" alt=\"\" width=\"233\" height=\"5\" \/><\/strong><\/p>\n<p><a href=\"https:\/\/servicas.es\/wordpress\/aviso-legal\/\">Aviso legal<\/a><\/p>\n<p><a href=\"https:\/\/servicas.es\/wordpress\/politica-de-privacidad\/\">Pol\u00edtica de privacidad<\/a><\/p>\n<p><a href=\"https:\/\/servicas.es\/wordpress\/cambios-devoluciones-desistimientos\/\">Cambios \/ Devoluciones \/<\/a><\/p>\n<p><a href=\"https:\/\/servicas.es\/wordpress\/cambios-devoluciones-desistimientos\/\">Desistimientos<\/a><\/p>\n<p><a href=\"https:\/\/servicas.es\/wordpress\/politica-de-envios\/\">Pol\u00edtica de envios<\/a><\/p>\n<p><a href=\"https:\/\/servicas.es\/wordpress\/politica-de-cockies\/\">Pol\u00edtica de cockies<\/a><\/p>\n<p><a href=\"https:\/\/servicas.es\/wordpress\/condiciones-generales\/\">Condiciones generales<\/a><\/p>\n<p><a href=\"https:\/\/servicas.es\/wordpress\/garantia\/\">Garant\u00eda<\/a><\/p>\n<p><a href=\"https:\/\/servicas.es\/wordpress\/FAQS\/\">FAQS<\/a><\/p>\n<p><a href=\"https:\/\/servicas.es\/wordpress\/opiniones-de-la-tienda\/\">Opiniones de la tienda<\/a><\/p>\n<p><a href=\"https:\/\/servicas.es\/wordpress\/Blog\/\">Blog<\/a><\/p>\n<p>&nbsp;<\/p>\n<p>&nbsp;<\/p>\n<p>&nbsp;<\/p>\n<p>[\/et_pb_text][\/et_pb_column][et_pb_column type=&#8221;1_4&#8243; _builder_version=&#8221;4.20.2&#8243; _module_preset=&#8221;default&#8221; global_colors_info=&#8221;{}&#8221;][et_pb_text _builder_version=&#8221;4.20.2&#8243; _module_preset=&#8221;default&#8221; text_line_height=&#8221;1em&#8221; global_colors_info=&#8221;{}&#8221;]<\/p>\n<h6><strong>Horario<\/strong><\/h6>\n<p><strong><img loading=\"lazy\" decoding=\"async\" src=\"https:\/\/servicas.es\/wordpress\/wp-content\/uploads\/2023\/03\/separador-1.jpg\" width=\"233\" height=\"5\" alt=\"\" class=\"wp-image-731 alignnone size-full\" \/><\/strong><\/p>\n<p>Lunes a Viernes<\/p>\n<p>08:00 a 18:00<\/p>\n<p>[\/et_pb_text][et_pb_image src=&#8221;https:\/\/servicas.es\/wordpress\/wp-content\/uploads\/2023\/03\/face.jpg&#8221; title_text=&#8221;face&#8221; url=&#8221;https:\/\/www.facebook.com\/people\/Servicas-Suministros-Industriales\/pfbid037u3rdSR4We4d3vVi11pXL1xAieRWWTj5XD3dCZMkkw1kdE8EGALHBBXW1hQ71aQNl\/&#8221; url_new_window=&#8221;on&#8221; _builder_version=&#8221;4.20.2&#8243; _module_preset=&#8221;default&#8221; custom_margin=&#8221;||10px||false|false&#8221; global_colors_info=&#8221;{}&#8221;][\/et_pb_image][et_pb_image src=&#8221;https:\/\/servicas.es\/wordpress\/wp-content\/uploads\/2023\/03\/youtube.jpg&#8221; title_text=&#8221;youtube&#8221; url=&#8221;https:\/\/www.youtube.com\/channel\/UCJiJEOmBEx9TYTLOz15Eswg&#8221; url_new_window=&#8221;on&#8221; _builder_version=&#8221;4.20.2&#8243; _module_preset=&#8221;default&#8221; custom_margin=&#8221;0px||10px||false|false&#8221; custom_padding=&#8221;0px||||false|false&#8221; global_colors_info=&#8221;{}&#8221;][\/et_pb_image][et_pb_image src=&#8221;https:\/\/servicas.es\/wordpress\/wp-content\/uploads\/2023\/03\/insta.jpg&#8221; title_text=&#8221;insta&#8221; url=&#8221;https:\/\/www.instagram.com\/_servicas\/&#8221; url_new_window=&#8221;on&#8221; _builder_version=&#8221;4.20.2&#8243; _module_preset=&#8221;default&#8221; custom_margin=&#8221;0px||10px||false|false&#8221; custom_padding=&#8221;0px||||false|false&#8221; global_colors_info=&#8221;{}&#8221;][\/et_pb_image][et_pb_image src=&#8221;https:\/\/servicas.es\/wordpress\/wp-content\/uploads\/2023\/03\/in.jpg&#8221; title_text=&#8221;in&#8221; url=&#8221;https:\/\/www.linkedin.com\/in\/servicas-suministros-industriales-513390252\/&#8221; url_new_window=&#8221;on&#8221; _builder_version=&#8221;4.20.2&#8243; _module_preset=&#8221;default&#8221; custom_margin=&#8221;0px||10px||false|false&#8221; custom_padding=&#8221;0px||||false|false&#8221; global_colors_info=&#8221;{}&#8221;][\/et_pb_image][\/et_pb_column][\/et_pb_row][\/et_pb_section]<\/p>\n","protected":false},"excerpt":{"rendered":"<p>POL\u00cdTICA DE ENVIOSLos pedidos que realices en SERVICAS se enviar\u00e1n en aproximadamente 3 o 4 d\u00edas h\u00e1biles, una vez realizada la compra. Dependiendo del tipo de maquinaria (en concreto maquinaria pesada) el plazo de entrega puede variar. Si necesitas m\u00e1s informaci\u00f3n acerca\u00a0del plazo de entrega de tu\u00a0pedido, no dudes en contactar con nuestro servicio de [&hellip;]<\/p>\n","protected":false},"author":1,"featured_media":0,"parent":0,"menu_order":0,"comment_status":"closed","ping_status":"closed","template":"","meta":{"_et_pb_use_builder":"on","_et_pb_old_content":"","_et_gb_content_width":"","_joinchat":[],"footnotes":""},"class_list":["post-832","page","type-page","status-publish","hentry"],"jetpack_sharing_enabled":true,"_links":{"self":[{"href":"https:\/\/servicas.es\/wordpress\/wp-json\/wp\/v2\/pages\/832","targetHints":{"allow":["GET"]}}],"collection":[{"href":"https:\/\/servicas.es\/wordpress\/wp-json\/wp\/v2\/pages"}],"about":[{"href":"https:\/\/servicas.es\/wordpress\/wp-json\/wp\/v2\/types\/page"}],"author":[{"embeddable":true,"href":"https:\/\/servicas.es\/wordpress\/wp-json\/wp\/v2\/users\/1"}],"replies":[{"embeddable":true,"href":"https:\/\/servicas.es\/wordpress\/wp-json\/wp\/v2\/comments?post=832"}],"version-history":[{"count":3,"href":"https:\/\/servicas.es\/wordpress\/wp-json\/wp\/v2\/pages\/832\/revisions"}],"predecessor-version":[{"id":841,"href":"https:\/\/servicas.es\/wordpress\/wp-json\/wp\/v2\/pages\/832\/revisions\/841"}],"wp:attachment":[{"href":"https:\/\/servicas.es\/wordpress\/wp-json\/wp\/v2\/media?parent=832"}],"curies":[{"name":"wp","href":"https:\/\/api.w.org\/{rel}","templated":true}]}}