{"id":812,"date":"2023-03-30T07:29:38","date_gmt":"2023-03-30T07:29:38","guid":{"rendered":"https:\/\/servicas.es\/wordpress\/?page_id=812"},"modified":"2023-03-30T08:27:57","modified_gmt":"2023-03-30T08:27:57","slug":"cambios-devoluciones-desistimientos","status":"publish","type":"page","link":"https:\/\/servicas.es\/wordpress\/cambios-devoluciones-desistimientos\/","title":{"rendered":"Cambios \/ Devoluciones \/ Desistimientos"},"content":{"rendered":"<p>[et_pb_section fb_built=&#8221;1&#8243; _builder_version=&#8221;4.20.2&#8243; _module_preset=&#8221;default&#8221; custom_margin=&#8221;0px|0px|0px|0px|false|false&#8221; custom_padding=&#8221;0px|0px|0px|0px|false|false&#8221; global_colors_info=&#8221;{}&#8221;][et_pb_row _builder_version=&#8221;4.20.2&#8243; _module_preset=&#8221;default&#8221; custom_margin=&#8221;60px||||false|false&#8221; custom_padding=&#8221;0px||||false|false&#8221; global_colors_info=&#8221;{}&#8221;][et_pb_column type=&#8221;4_4&#8243; _builder_version=&#8221;4.20.2&#8243; _module_preset=&#8221;default&#8221; global_colors_info=&#8221;{}&#8221;][et_pb_text _builder_version=&#8221;4.20.2&#8243; _module_preset=&#8221;default&#8221; min_height=&#8221;86.6px&#8221; custom_margin=&#8221;0px|0px|0px|0px|false|false&#8221; custom_padding=&#8221;0px|0px|0px|0px|false|false&#8221; animation_style=&#8221;slide&#8221; global_colors_info=&#8221;{}&#8221;]<\/p>\n<h1 style=\"text-align: center;\">CAMBIOS \/ DEVOLUCIONES \/ DESISTIMIENTOS<\/h1>\n<p>[\/et_pb_text][et_pb_text _builder_version=&#8221;4.20.2&#8243; _module_preset=&#8221;default&#8221; global_colors_info=&#8221;{}&#8221;]<\/p>\n<p><strong>! NOTA: las entregas pueden verse demoradas debido a la huelga de transportistas !<\/strong><\/p>\n<p><strong>Cambios<\/strong>:<\/p>\n<p>Estamos seguros de que tus productos te van a encantar. Sin embargo, si quieres realizar un cambio, deber\u00e1s hacerlo en los pr\u00f3ximos 14 d\u00edas naturales a su recepci\u00f3n por las siguientes causas:<\/p>\n<p>&nbsp;<\/p>\n<ul>\n<li>El producto presenta un defecto de fabricaci\u00f3n.<\/li>\n<li>El producto que\u00a0recibe el cliente no coincide con el que ha solicitado.<\/li>\n<\/ul>\n<p>&nbsp;<\/p>\n<p>Los productos, deber\u00e1n devolverse en su caja original, sin muestras de uso, ya que en caso de tenerlas, no se podr\u00e1 realizar cambio alguno.<\/p>\n<p>&nbsp;<\/p>\n<p><strong><u>POL\u00cdTICAS DE CAMBIOS DE TALLAS<\/u><\/strong><\/p>\n<p>&nbsp;<\/p>\n<p>Desde Suincas.com le facilitamos la informaci\u00f3n correspondiente al procedimiento del cambio de talla de una prenda de\u00a0<u>ropa:<\/u>\u00a0<strong>\u00a1<u>NO REALIZAMOS CAMBIOS DE HERRAMIENTAS, ACCESORIOS NI CONSUMIBLES!<\/u><\/strong><\/p>\n<ol>\n<li>Para realizar un cambio, deber\u00e1 enviarnos un correo electr\u00f3nico a info@suincas.com exponiendo el defecto que este presenta o la talla por la cual quiere realizar el cambio.<\/li>\n<\/ol>\n<ol>\n<li>Le enviaremos una factura de 15\u20ac + IVA por la gesti\u00f3n de cambio, el precio incluye la recogida y entrega del material en el domicilio del cliente, as\u00ed como la gesti\u00f3n que realiza nuestro personal.<\/li>\n<\/ol>\n<ol>\n<li>A la mayor brevedad posible, se le enviar\u00e1 la talla solicitada al domicilio del cliente pudiendo especificar cualquier direcci\u00f3n de entrega distinta a la de facturaci\u00f3n, en caso de no informar, entenderemos la direcci\u00f3n de facturaci\u00f3n como la direcci\u00f3n de entrega.<\/li>\n<\/ol>\n<p><strong><u>POL\u00cdTICAS DE CAMBIOS DE COLOR<\/u><\/strong><\/p>\n<p>L\u00e1mentandolo mucho, desde Suincas.com NO realizamos cambios en prendas por un error en la selecci\u00f3n del color. En todos nuestros productos se especifica claramente el color que adquiere el cliente as\u00ed como una gu\u00eda de tallas. RECOMENDAMOS antes de la compra consultar a nuestro personal a trav\u00e9s del correo de info@suincas.com por la disponibilidad del color que est\u00e1 interesado en comprar.<\/p>\n<p>&nbsp;<\/p>\n<p><strong>Devoluci\u00f3n<\/strong>:<\/p>\n<p>En el caso de que tu producto tenga un error de fabricaci\u00f3n, podr\u00e1s realizar la devoluci\u00f3n del mismo. Deber\u00e1s avisarnos en un plazo m\u00e1ximo de 14 d\u00edas desde la recepci\u00f3n del pedido, a trav\u00e9s del correo\u00a0info@suincas.com, en el que debes incluir una fotograf\u00eda exponiendo el defecto que presenta.<\/p>\n<p>&nbsp;<\/p>\n<p>Si tienes cualquier duda, contacta con nosotros escribi\u00e9ndonos un email a:\u00a0info@suincas.com\u00a0y te la resolveremos.<\/p>\n<p>&nbsp;<\/p>\n<p>En caso de aparecer<strong> errores tipogr\u00e1ficos o erratas en el precio,<\/strong> servicas.es tiene derecho a reembolsar al cliente el dinero de su pedido, siempre que este no quiera abonar la diferencia respecto al precio correcto.<\/p>\n<p><strong>Desistimientos:<\/strong><\/p>\n<p>Podr\u00e1 desistir de su pedido siempre y cuando este se encuentre en estado &#8220;REALIZADO&#8221;, una vez el pedido pase a estado &#8220;EN PREPARACI\u00d3N&#8221; o &#8220;ENVIADO&#8221; no podremos llevar a cabo el desistimiento.<\/p>\n<p>&nbsp;<\/p>\n<p><strong>Abonos de TPV y transferencias:<\/strong><\/p>\n<p>Semanalmente realizaremos los abonos de TPV y de Transferencia bancaria los Lunes y los Jueves. Pueden solicitar sin compromiso alguno el justificante de abono por correo electr\u00f3nico.<\/p>\n<p>[\/et_pb_text][\/et_pb_column][\/et_pb_row][et_pb_row column_structure=&#8221;1_2,1_2&#8243; _builder_version=&#8221;4.20.2&#8243; _module_preset=&#8221;default&#8221; custom_margin=&#8221;50px||||false|false&#8221; global_colors_info=&#8221;{}&#8221;][et_pb_column type=&#8221;1_2&#8243; _builder_version=&#8221;4.20.2&#8243; _module_preset=&#8221;default&#8221; global_colors_info=&#8221;{}&#8221;][et_pb_image src=&#8221;https:\/\/servicas.es\/wordpress\/wp-content\/uploads\/2023\/03\/DESCUENTOS.jpg&#8221; title_text=&#8221;DESCUENTOS&#8221; _builder_version=&#8221;4.20.2&#8243; _module_preset=&#8221;default&#8221; animation_style=&#8221;slide&#8221; animation_direction=&#8221;left&#8221; global_colors_info=&#8221;{}&#8221;][\/et_pb_image][\/et_pb_column][et_pb_column type=&#8221;1_2&#8243; _builder_version=&#8221;4.20.2&#8243; _module_preset=&#8221;default&#8221; global_colors_info=&#8221;{}&#8221;][et_pb_text _builder_version=&#8221;4.20.2&#8243; _module_preset=&#8221;default&#8221; global_colors_info=&#8221;{}&#8221;]<\/p>\n<h1>\u00bfDESCUENTAZOS?<\/h1>\n<p>\u00a1\u00danete a la newsletter y recibe los mejores descuentos y ofertas personalizadas para tu empresa!<\/p>\n<p>[\/et_pb_text][et_pb_contact_form captcha=&#8221;off&#8221; submit_button_text=&#8221;\u00a1UNETE!&#8221; _builder_version=&#8221;4.20.2&#8243; _module_preset=&#8221;default&#8221; _unique_id=&#8221;107fc9fd-7a42-4a4c-951d-156cf71d5155&#8243; custom_button=&#8221;on&#8221; button_text_size=&#8221;16px&#8221; button_text_color=&#8221;#FFFFFF&#8221; button_bg_color=&#8221;#f71000&#8243; global_colors_info=&#8221;{}&#8221;][et_pb_contact_field field_id=&#8221;Email&#8221; field_title=&#8221;Direcci\u00f3n de correo electr\u00f3nico&#8221; field_type=&#8221;email&#8221; _builder_version=&#8221;4.16&#8243; global_colors_info=&#8221;{}&#8221; button_text_size__hover_enabled=&#8221;off&#8221; button_one_text_size__hover_enabled=&#8221;off&#8221; button_two_text_size__hover_enabled=&#8221;off&#8221; button_text_color__hover_enabled=&#8221;off&#8221; button_one_text_color__hover_enabled=&#8221;off&#8221; button_two_text_color__hover_enabled=&#8221;off&#8221; button_border_width__hover_enabled=&#8221;off&#8221; button_one_border_width__hover_enabled=&#8221;off&#8221; button_two_border_width__hover_enabled=&#8221;off&#8221; button_border_color__hover_enabled=&#8221;off&#8221; button_one_border_color__hover_enabled=&#8221;off&#8221; button_two_border_color__hover_enabled=&#8221;off&#8221; button_border_radius__hover_enabled=&#8221;off&#8221; button_one_border_radius__hover_enabled=&#8221;off&#8221; button_two_border_radius__hover_enabled=&#8221;off&#8221; button_letter_spacing__hover_enabled=&#8221;off&#8221; button_one_letter_spacing__hover_enabled=&#8221;off&#8221; button_two_letter_spacing__hover_enabled=&#8221;off&#8221; button_bg_color__hover_enabled=&#8221;off&#8221; button_one_bg_color__hover_enabled=&#8221;off&#8221; button_two_bg_color__hover_enabled=&#8221;off&#8221;][\/et_pb_contact_field][et_pb_contact_field field_id=&#8221;Field_2&#8243; field_title=&#8221;________________________________________________________________________&#8221; field_type=&#8221;radio&#8221; radio_options=&#8221;%91{%22value%22:%22He le\u00eddo y acepto la Pol\u00edtica de privacidad y deseo recibir ofertas personalizadas para mi empresa%22,%22checked%22:0,%22dragID%22:-1}%93&#8243; fullwidth_field=&#8221;on&#8221; _builder_version=&#8221;4.20.2&#8243; _module_preset=&#8221;default&#8221; global_colors_info=&#8221;{}&#8221; field_title__hover_enabled=&#8221;off|desktop&#8221;][\/et_pb_contact_field][\/et_pb_contact_form][\/et_pb_column][\/et_pb_row][et_pb_row _builder_version=&#8221;4.20.2&#8243; _module_preset=&#8221;default&#8221; custom_margin=&#8221;0px||0px||false|false&#8221; custom_padding=&#8221;0px||0px||false|false&#8221; global_colors_info=&#8221;{}&#8221;][et_pb_column type=&#8221;4_4&#8243; _builder_version=&#8221;4.20.2&#8243; _module_preset=&#8221;default&#8221; global_colors_info=&#8221;{}&#8221;][et_pb_image src=&#8221;https:\/\/servicas.es\/wordpress\/wp-content\/uploads\/2023\/03\/separador-arriba.jpg&#8221; title_text=&#8221;separador-arriba&#8221; _builder_version=&#8221;4.20.2&#8243; _module_preset=&#8221;default&#8221; custom_margin=&#8221;0px||||false|false&#8221; custom_padding=&#8221;0px||||false|false&#8221; global_colors_info=&#8221;{}&#8221;][\/et_pb_image][\/et_pb_column][\/et_pb_row][et_pb_row column_structure=&#8221;1_4,1_4,1_4,1_4&#8243; _builder_version=&#8221;4.20.2&#8243; _module_preset=&#8221;default&#8221; custom_margin=&#8221;0px||||false|false&#8221; global_colors_info=&#8221;{}&#8221;][et_pb_column type=&#8221;1_4&#8243; _builder_version=&#8221;4.20.2&#8243; _module_preset=&#8221;default&#8221; global_colors_info=&#8221;{}&#8221;][et_pb_image src=&#8221;https:\/\/servicas.es\/wordpress\/wp-content\/uploads\/2023\/03\/logo-pie.jpg&#8221; title_text=&#8221;logo-pie&#8221; _builder_version=&#8221;4.20.2&#8243; _module_preset=&#8221;default&#8221; global_colors_info=&#8221;{}&#8221;][\/et_pb_image][et_pb_text _builder_version=&#8221;4.20.2&#8243; _module_preset=&#8221;default&#8221; text_line_height=&#8221;1em&#8221; custom_margin=&#8221;||6px||false|false&#8221; global_colors_info=&#8221;{}&#8221;]<\/p>\n<h6><strong>\u00bfAlguna pregunta?<\/strong><\/h6>\n<p><strong><img loading=\"lazy\" decoding=\"async\" class=\"wp-image-731 alignnone size-full\" src=\"https:\/\/servicas.es\/wordpress\/wp-content\/uploads\/2023\/03\/separador-1.jpg\" alt=\"\" width=\"233\" height=\"5\" \/><\/strong><\/p>\n<p>[\/et_pb_text][et_pb_image src=&#8221;https:\/\/servicas.es\/wordpress\/wp-content\/uploads\/2023\/03\/llamanos.jpg&#8221; title_text=&#8221;llamanos&#8221; url=&#8221;tel:613602203&#8243; url_new_window=&#8221;on&#8221; _builder_version=&#8221;4.20.2&#8243; _module_preset=&#8221;default&#8221; custom_margin=&#8221;0px||0px|0px|false|false&#8221; custom_padding=&#8221;0px||0px|0px|false|false&#8221; global_colors_info=&#8221;{}&#8221;][\/et_pb_image][et_pb_image src=&#8221;https:\/\/servicas.es\/wordpress\/wp-content\/uploads\/2023\/03\/escribenos.jpg&#8221; title_text=&#8221;escribenos&#8221; url=&#8221;https:\/\/wa.link\/c6x30u&#8221; url_new_window=&#8221;on&#8221; _builder_version=&#8221;4.20.2&#8243; _module_preset=&#8221;default&#8221; custom_margin=&#8221;5px|||5px|false|false&#8221; global_colors_info=&#8221;{}&#8221;][\/et_pb_image][et_pb_text _builder_version=&#8221;4.20.2&#8243; _module_preset=&#8221;default&#8221; text_line_height=&#8221;1em&#8221; custom_margin=&#8221;||6px||false|false&#8221; global_colors_info=&#8221;{}&#8221;]<\/p>\n<h6><strong>Visitanos en:<\/strong><\/h6>\n<p><strong><img loading=\"lazy\" decoding=\"async\" src=\"https:\/\/servicas.es\/wordpress\/wp-content\/uploads\/2023\/03\/separador-1.jpg\" width=\"233\" height=\"5\" alt=\"\" class=\"wp-image-731 alignnone size-full\" \/><\/strong><\/p>\n<p>[\/et_pb_text][et_pb_image src=&#8221;https:\/\/servicas.es\/wordpress\/wp-content\/uploads\/2023\/03\/direccion.jpg&#8221; title_text=&#8221;direccion&#8221; url=&#8221;https:\/\/www.google.com\/maps\/dir\/39.9637315,-0.0648766\/SERVICAS+SUMINISTROS+INDUSTRIALES,+C.+Els+Ports,+2,+12005+Castell%C3%B3n+de+la+Plana,+Castell%C3%B3n\/@39.9636558,-0.0669742,17z\/data=!3m1!4b1!4m18!1m7!3m6!1s0xd6001b15dd1a4c1:0x1ee59d2d55accffa!2sSERVICAS+SUMINISTROS+INDUSTRIALES!8m2!3d39.9635583!4d-0.064796!16s%2Fg%2F11fl9hnlc8!4m9!1m1!4e1!1m5!1m1!1s0xd6001b15dd1a4c1:0x1ee59d2d55accffa!2m2!1d-0.064796!2d39.9635583!3e2?hl=es&#8221; url_new_window=&#8221;on&#8221; _builder_version=&#8221;4.20.2&#8243; _module_preset=&#8221;default&#8221; custom_margin=&#8221;5px||||false|false&#8221; custom_padding=&#8221;10px||||false|false&#8221; global_colors_info=&#8221;{}&#8221;][\/et_pb_image][\/et_pb_column][et_pb_column type=&#8221;1_4&#8243; _builder_version=&#8221;4.20.2&#8243; _module_preset=&#8221;default&#8221; global_colors_info=&#8221;{}&#8221;][et_pb_text _builder_version=&#8221;4.20.2&#8243; _module_preset=&#8221;default&#8221; text_line_height=&#8221;1em&#8221; global_colors_info=&#8221;{}&#8221;]<\/p>\n<h6><strong>Secciones<\/strong><\/h6>\n<p><strong><img loading=\"lazy\" decoding=\"async\" class=\"wp-image-731 alignnone size-full\" src=\"https:\/\/servicas.es\/wordpress\/wp-content\/uploads\/2023\/03\/separador-1.jpg\" alt=\"\" width=\"233\" height=\"5\" \/><\/strong><\/p>\n<p><a href=\"https:\/\/servicas.es\/wordpress\/\">Suministros industriales<\/a><\/p>\n<p><a href=\"https:\/\/servicas.es\/wordpress\/alquiler\/\">Alquiler<\/a><\/p>\n<p><a href=\"https:\/\/servicas.es\/wordpress\/reparacion\/\">Reparaci\u00f3n<\/a><\/p>\n<p><a href=\"https:\/\/servicas.es\/wordpress\/catalogos\/\">Cat\u00e1logos<\/a><\/p>\n<p><a href=\"https:\/\/servicas.es\/wordpress\/contacto\/\">Contacto<\/a><\/p>\n<p><a href=\"https:\/\/servicas.es\/wordpress\/trabaja-con-nosotros\/\">Trabaja con nosotros<\/a><\/p>\n<p>&nbsp;<\/p>\n<p>&nbsp;<\/p>\n<p>&nbsp;<\/p>\n<p>[\/et_pb_text][\/et_pb_column][et_pb_column type=&#8221;1_4&#8243; _builder_version=&#8221;4.20.2&#8243; _module_preset=&#8221;default&#8221; global_colors_info=&#8221;{}&#8221;][et_pb_text _builder_version=&#8221;4.20.2&#8243; _module_preset=&#8221;default&#8221; text_line_height=&#8221;1em&#8221; hover_enabled=&#8221;0&#8243; global_colors_info=&#8221;{}&#8221; sticky_enabled=&#8221;0&#8243;]<\/p>\n<h6><strong>Informaci\u00f3n legal<\/strong><\/h6>\n<p><strong><img loading=\"lazy\" decoding=\"async\" class=\"wp-image-731 alignnone size-full\" src=\"https:\/\/servicas.es\/wordpress\/wp-content\/uploads\/2023\/03\/separador-1.jpg\" alt=\"\" width=\"233\" height=\"5\" \/><\/strong><\/p>\n<p><a href=\"https:\/\/servicas.es\/wordpress\/aviso-legal\/\">Aviso legal<\/a><\/p>\n<p><a href=\"https:\/\/servicas.es\/wordpress\/politica-de-privacidad\/\">Pol\u00edtica de privacidad<\/a><\/p>\n<p><a href=\"https:\/\/servicas.es\/wordpress\/cambios-devoluciones-desistimientos\/\">Cambios \/ Devoluciones \/<\/a><\/p>\n<p><a href=\"https:\/\/servicas.es\/wordpress\/cambios-devoluciones-desistimientos\/\">Desistimientos<\/a><\/p>\n<p><a href=\"https:\/\/servicas.es\/wordpress\/politica-de-envios\/\">Pol\u00edtica de envios<\/a><\/p>\n<p><a href=\"https:\/\/servicas.es\/wordpress\/politica-de-cockies\/\">Pol\u00edtica de cockies<\/a><\/p>\n<p><a href=\"https:\/\/servicas.es\/wordpress\/condiciones-generales\/\">Condiciones generales<\/a><\/p>\n<p><a href=\"https:\/\/servicas.es\/wordpress\/garantia\/\">Garant\u00eda<\/a><\/p>\n<p><a href=\"https:\/\/servicas.es\/wordpress\/FAQS\/\">FAQS<\/a><\/p>\n<p><a href=\"https:\/\/servicas.es\/wordpress\/opiniones-de-la-tienda\/\">Opiniones de la tienda<\/a><\/p>\n<p><a href=\"https:\/\/servicas.es\/wordpress\/Blog\/\">Blog<\/a><\/p>\n<p>&nbsp;<\/p>\n<p>&nbsp;<\/p>\n<p>&nbsp;<\/p>\n<p>[\/et_pb_text][\/et_pb_column][et_pb_column type=&#8221;1_4&#8243; _builder_version=&#8221;4.20.2&#8243; _module_preset=&#8221;default&#8221; global_colors_info=&#8221;{}&#8221;][et_pb_text _builder_version=&#8221;4.20.2&#8243; _module_preset=&#8221;default&#8221; text_line_height=&#8221;1em&#8221; global_colors_info=&#8221;{}&#8221;]<\/p>\n<h6><strong>Horario<\/strong><\/h6>\n<p><strong><img loading=\"lazy\" decoding=\"async\" src=\"https:\/\/servicas.es\/wordpress\/wp-content\/uploads\/2023\/03\/separador-1.jpg\" width=\"233\" height=\"5\" alt=\"\" class=\"wp-image-731 alignnone size-full\" \/><\/strong><\/p>\n<p>Lunes a Viernes<\/p>\n<p>08:00 a 18:00<\/p>\n<p>[\/et_pb_text][et_pb_image src=&#8221;https:\/\/servicas.es\/wordpress\/wp-content\/uploads\/2023\/03\/face.jpg&#8221; title_text=&#8221;face&#8221; url=&#8221;https:\/\/www.facebook.com\/people\/Servicas-Suministros-Industriales\/pfbid037u3rdSR4We4d3vVi11pXL1xAieRWWTj5XD3dCZMkkw1kdE8EGALHBBXW1hQ71aQNl\/&#8221; url_new_window=&#8221;on&#8221; _builder_version=&#8221;4.20.2&#8243; _module_preset=&#8221;default&#8221; custom_margin=&#8221;||10px||false|false&#8221; global_colors_info=&#8221;{}&#8221;][\/et_pb_image][et_pb_image src=&#8221;https:\/\/servicas.es\/wordpress\/wp-content\/uploads\/2023\/03\/youtube.jpg&#8221; title_text=&#8221;youtube&#8221; url=&#8221;https:\/\/www.youtube.com\/channel\/UCJiJEOmBEx9TYTLOz15Eswg&#8221; url_new_window=&#8221;on&#8221; _builder_version=&#8221;4.20.2&#8243; _module_preset=&#8221;default&#8221; custom_margin=&#8221;0px||10px||false|false&#8221; custom_padding=&#8221;0px||||false|false&#8221; global_colors_info=&#8221;{}&#8221;][\/et_pb_image][et_pb_image src=&#8221;https:\/\/servicas.es\/wordpress\/wp-content\/uploads\/2023\/03\/insta.jpg&#8221; title_text=&#8221;insta&#8221; url=&#8221;https:\/\/www.instagram.com\/_servicas\/&#8221; url_new_window=&#8221;on&#8221; _builder_version=&#8221;4.20.2&#8243; _module_preset=&#8221;default&#8221; custom_margin=&#8221;0px||10px||false|false&#8221; custom_padding=&#8221;0px||||false|false&#8221; global_colors_info=&#8221;{}&#8221;][\/et_pb_image][et_pb_image src=&#8221;https:\/\/servicas.es\/wordpress\/wp-content\/uploads\/2023\/03\/in.jpg&#8221; title_text=&#8221;in&#8221; url=&#8221;https:\/\/www.linkedin.com\/in\/servicas-suministros-industriales-513390252\/&#8221; url_new_window=&#8221;on&#8221; _builder_version=&#8221;4.20.2&#8243; _module_preset=&#8221;default&#8221; custom_margin=&#8221;0px||10px||false|false&#8221; custom_padding=&#8221;0px||||false|false&#8221; global_colors_info=&#8221;{}&#8221;][\/et_pb_image][\/et_pb_column][\/et_pb_row][\/et_pb_section]<\/p>\n","protected":false},"excerpt":{"rendered":"<p>CAMBIOS \/ DEVOLUCIONES \/ DESISTIMIENTOS! NOTA: las entregas pueden verse demoradas debido a la huelga de transportistas ! Cambios: Estamos seguros de que tus productos te van a encantar. Sin embargo, si quieres realizar un cambio, deber\u00e1s hacerlo en los pr\u00f3ximos 14 d\u00edas naturales a su recepci\u00f3n por las siguientes causas: &nbsp; El producto presenta [&hellip;]<\/p>\n","protected":false},"author":1,"featured_media":0,"parent":0,"menu_order":0,"comment_status":"closed","ping_status":"closed","template":"","meta":{"_et_pb_use_builder":"on","_et_pb_old_content":"","_et_gb_content_width":"","_joinchat":[],"footnotes":""},"class_list":["post-812","page","type-page","status-publish","hentry"],"jetpack_sharing_enabled":true,"_links":{"self":[{"href":"https:\/\/servicas.es\/wordpress\/wp-json\/wp\/v2\/pages\/812","targetHints":{"allow":["GET"]}}],"collection":[{"href":"https:\/\/servicas.es\/wordpress\/wp-json\/wp\/v2\/pages"}],"about":[{"href":"https:\/\/servicas.es\/wordpress\/wp-json\/wp\/v2\/types\/page"}],"author":[{"embeddable":true,"href":"https:\/\/servicas.es\/wordpress\/wp-json\/wp\/v2\/users\/1"}],"replies":[{"embeddable":true,"href":"https:\/\/servicas.es\/wordpress\/wp-json\/wp\/v2\/comments?post=812"}],"version-history":[{"count":9,"href":"https:\/\/servicas.es\/wordpress\/wp-json\/wp\/v2\/pages\/812\/revisions"}],"predecessor-version":[{"id":858,"href":"https:\/\/servicas.es\/wordpress\/wp-json\/wp\/v2\/pages\/812\/revisions\/858"}],"wp:attachment":[{"href":"https:\/\/servicas.es\/wordpress\/wp-json\/wp\/v2\/media?parent=812"}],"curies":[{"name":"wp","href":"https:\/\/api.w.org\/{rel}","templated":true}]}}