{"id":803,"date":"2023-03-30T07:13:05","date_gmt":"2023-03-30T07:13:05","guid":{"rendered":"https:\/\/servicas.es\/wordpress\/?page_id=803"},"modified":"2023-03-30T07:37:08","modified_gmt":"2023-03-30T07:37:08","slug":"politica-de-privacidad","status":"publish","type":"page","link":"https:\/\/servicas.es\/wordpress\/politica-de-privacidad\/","title":{"rendered":"Pol\u00edtica de privacidad"},"content":{"rendered":"<p>[et_pb_section fb_built=&#8221;1&#8243; _builder_version=&#8221;4.20.2&#8243; _module_preset=&#8221;default&#8221; custom_margin=&#8221;0px|0px|0px|0px|false|false&#8221; custom_padding=&#8221;0px|0px|0px|0px|false|false&#8221; global_colors_info=&#8221;{}&#8221;][et_pb_row _builder_version=&#8221;4.20.2&#8243; _module_preset=&#8221;default&#8221; custom_margin=&#8221;60px||||false|false&#8221; custom_padding=&#8221;0px||||false|false&#8221; global_colors_info=&#8221;{}&#8221;][et_pb_column type=&#8221;4_4&#8243; _builder_version=&#8221;4.20.2&#8243; _module_preset=&#8221;default&#8221; global_colors_info=&#8221;{}&#8221;][et_pb_text _builder_version=&#8221;4.20.2&#8243; _module_preset=&#8221;default&#8221; min_height=&#8221;86.6px&#8221; custom_margin=&#8221;0px|0px|0px|0px|false|false&#8221; custom_padding=&#8221;0px|0px|0px|0px|false|false&#8221; animation_style=&#8221;slide&#8221; global_colors_info=&#8221;{}&#8221;]<\/p>\n<h1 style=\"text-align: center;\">POL\u00cdTICA DE PRIVACIDAD<\/h1>\n<p>[\/et_pb_text][et_pb_text _builder_version=&#8221;4.20.2&#8243; _module_preset=&#8221;default&#8221; global_colors_info=&#8221;{}&#8221;]<\/p>\n<p>En SERVICAS SUMINISTROS INDUSTRIALES S.L., nos preocupamos por la privacidad y la transparencia. A continuaci\u00f3n, le indicamos en detalle los tratamientos de datos personales que realizamos, as\u00ed como toda la informaci\u00f3n relativa a los mismos de acuerdo con lo establecido por el REGLAMENTO (UE) 2016\/679, de 27 de abril de 2016 del Parlamento Europeo, y del Consejo relativo a la Protecci\u00f3n de las personas f\u00edsicas en lo que respecta al tratamiento de sus datos personales y por la Ley Org\u00e1nica 3\/2018, de 5 de diciembre, de Protecci\u00f3n de Datos Personales y garant\u00eda de los derechos digitales. Informaci\u00f3n b\u00e1sica sobre Protecci\u00f3n de datos Responsable: SERVICAS SUMINISTROS INDUSTRIALES S.L. Finalidad: Realizar la gesti\u00f3n administrativa, contable y fiscal, as\u00ed como enviarle comunicaciones comerciales sobre nuestros productos y servicios. Derechos: Tiene derecho a acceder, rectificar y suprimir los datos, as\u00ed como otros derechos, indicados en la informaci\u00f3n adicional. Procedencia: El propio interesado. Informaci\u00f3n completa sobre Protecci\u00f3n de Datos<\/p>\n<p><strong>1. \u00bfQui\u00e9n es el responsable del tratamiento de sus datos? <\/strong><\/p>\n<p>Su denominaci\u00f3n social es: SERVICAS SUMINISTROS INDUSTRIALES S.L. Su CIF es: B12679601 Su domicilio social est\u00e1 en: C\/ Els Ports, 2, 12005 Castell\u00f3n de la Plana ESPA\u00d1A Su domicilio fiscal est\u00e1 en: C\/ Els Ports, 2, 12005 Castell\u00f3n de la Plana ESPA\u00d1A Registro Mercantil de Castell\u00f3n, Tomo 1276, Libro 839, sec. general folio 15, Hoja CS-23972.<\/p>\n<p><strong>2. \u00bfCon qu\u00e9 finalidad tratamos sus datos personales? <\/strong><\/p>\n<p>En E-COMMERCE CASTELL\u00d3N SL tratamos la informaci\u00f3n que nos facilitan las personas interesadas con el fin de gesti\u00f3n administrativa, contable y fiscal, as\u00ed como el env\u00edo de comunicaciones comerciales sobre nuestros productos y servicios.<\/p>\n<p><strong>3. \u00bfPor cu\u00e1nto tiempo conservaremos sus datos? <\/strong><\/p>\n<p>Durante 5 a\u00f1os o cuando ya no sean necesarios para la finalidad para la cual se recogieron o mientras el interesado no solicite su supresi\u00f3n.<\/p>\n<p><strong>4. \u00bfCu\u00e1l es la legitimaci\u00f3n para el tratamiento de sus datos? <\/strong><\/p>\n<p>Le indicamos la base legal para el tratamiento de sus datos: Ley 34\/2002, de 11 de julio, de Servicios de la Sociedad de la Informaci\u00f3n y Comercio Electr\u00f3nico; la Ley 56\/2007 de 28 de diciembre de Medidas de Impulso a la Sociedad de la Informaci\u00f3n; el Real decreto legislativo 1\/2007, de 16 de noviembre, por el cual se aprueba el Texto Refundido de la Ley General de Defensa de los Consumidores y Usuarios. Consentimiento del interesado: REGLAMENTO (UE) 2016\/679, de 27 de abril de 2016 del Parlamento Europeo, y del Consejo relativo a la Protecci\u00f3n de las personas f\u00edsicas en lo que respecta al tratamiento de sus datos personales y la Ley Org\u00e1nica 3\/2018, de 5 de diciembre, de Protecci\u00f3n de Datos Personales y garant\u00eda de los derechos digitales.<\/p>\n<p><strong>5. \u00bfA qu\u00e9 destinatarios se comunicar\u00e1n sus datos? <\/strong><\/p>\n<p>No se ceder\u00e1n datos a terceros, salvo obligaci\u00f3n legal o para el correcto flujo del suministro de mercanc\u00eda adquirida a SERVICAS SUMINISTROS INDUSTRIALES S.L.en aspectos log\u00edsticos y de transporte entre proveedores y empresas de transporte contratadas por SERVICAS SUMINISTROS INDUSTRIALES S.L.<\/p>\n<p><strong>6. Transferencias de datos a terceros pa\u00edses <\/strong><\/p>\n<p>No est\u00e1n previstas transferencias de datos a terceros pa\u00edses.<\/p>\n<p><strong>7. \u00bfCu\u00e1les son sus derechos cuando nos facilita sus datos? <\/strong><\/p>\n<p>Cualquier persona tiene derecho a obtener confirmaci\u00f3n sobre si estamos tratando, o no, datos personales que les conciernan. Las personas interesadas tienen derecho a acceder a sus datos personales, as\u00ed como a solicitar la rectificaci\u00f3n de los datos inexactos o, en su caso, solicitar su supresi\u00f3n cuando, entre otros motivos, los datos ya no sean necesarios para los fines que fueron recogidos. Igualmente tiene derecho a la portabilidad de sus datos. En determinadas circunstancias, los interesados podr\u00e1n solicitar la limitaci\u00f3n del tratamiento de sus datos, en cuyo caso \u00fanicamente los conservaremos para el ejercicio o la defensa de reclamaciones. En determinadas circunstancias y por motivos relacionados con su situaci\u00f3n particular, los interesados podr\u00e1n oponerse al tratamiento de sus datos. En este caso se dejar\u00e1 de tratar los datos, salvo por motivos leg\u00edtimos imperiosos, o el ejercicio o la defensa de posibles reclamaciones. Cuando se realice el env\u00edo de comunicaciones comerciales utilizando como base jur\u00eddica el inter\u00e9s leg\u00edtimo del responsable, el interesado podr\u00e1 oponerse al tratamiento de sus datos con ese fin. Si ha otorgado su consentimiento para alguna finalidad concreta, tiene derecho a retirar el consentimiento otorgado en cualquier momento, sin que ello afecte a la licitud del tratamiento basado en el consentimiento previo a su retirada. En caso de que sienta vulnerados sus derechos en lo concerniente a la protecci\u00f3n de sus datos personales, especialmente cuando no haya obtenido satisfacci\u00f3n en el ejercicio de sus derechos, puede presentar una reclamaci\u00f3n ante la Autoridad de Control en materia de Protecci\u00f3n de Datos competente a trav\u00e9s de su sitio web: www.agpd.es.<\/p>\n<p><strong>8. \u00bfC\u00f3mo hemos obtenido sus datos? <\/strong><\/p>\n<p>Los datos personales que tratamos en SERVICAS SUMINISTROS INDUSTRIALES S.L. proceden del propio interesado. Las categor\u00edas de datos que se tratan son: Datos identificativos Direcciones postales y electr\u00f3nicas Informaci\u00f3n comercial No se tratan categor\u00edas especiales de datos personales (son aquellos datos que revelen el origen \u00e9tnico o racial, las opiniones pol\u00edticas, las convicciones religiosas o filos\u00f3ficas, o la afiliaci\u00f3n sindical, datos gen\u00e9ticos, datos biom\u00e9tricos dirigidos a identificar de manera un\u00edvoca a una persona f\u00edsica, datos relativos a la salud o datos relativos a la vida sexual o la orientaci\u00f3n sexual de una persona f\u00edsica).<\/p>\n<p>[\/et_pb_text][\/et_pb_column][\/et_pb_row][et_pb_row column_structure=&#8221;1_2,1_2&#8243; _builder_version=&#8221;4.20.2&#8243; _module_preset=&#8221;default&#8221; custom_margin=&#8221;50px||||false|false&#8221; global_colors_info=&#8221;{}&#8221;][et_pb_column type=&#8221;1_2&#8243; _builder_version=&#8221;4.20.2&#8243; _module_preset=&#8221;default&#8221; global_colors_info=&#8221;{}&#8221;][et_pb_image src=&#8221;https:\/\/servicas.es\/wordpress\/wp-content\/uploads\/2023\/03\/DESCUENTOS.jpg&#8221; title_text=&#8221;DESCUENTOS&#8221; _builder_version=&#8221;4.20.2&#8243; _module_preset=&#8221;default&#8221; animation_style=&#8221;slide&#8221; animation_direction=&#8221;left&#8221; global_colors_info=&#8221;{}&#8221;][\/et_pb_image][\/et_pb_column][et_pb_column type=&#8221;1_2&#8243; _builder_version=&#8221;4.20.2&#8243; _module_preset=&#8221;default&#8221; global_colors_info=&#8221;{}&#8221;][et_pb_text _builder_version=&#8221;4.20.2&#8243; _module_preset=&#8221;default&#8221; global_colors_info=&#8221;{}&#8221;]<\/p>\n<h1>\u00bfDESCUENTAZOS?<\/h1>\n<p>\u00a1\u00danete a la newsletter y recibe los mejores descuentos y ofertas personalizadas para tu empresa!<\/p>\n<p>[\/et_pb_text][et_pb_contact_form captcha=&#8221;off&#8221; submit_button_text=&#8221;\u00a1UNETE!&#8221; _builder_version=&#8221;4.20.2&#8243; _module_preset=&#8221;default&#8221; _unique_id=&#8221;107fc9fd-7a42-4a4c-951d-156cf71d5155&#8243; custom_button=&#8221;on&#8221; button_text_size=&#8221;16px&#8221; button_text_color=&#8221;#FFFFFF&#8221; button_bg_color=&#8221;#f71000&#8243; global_colors_info=&#8221;{}&#8221;][et_pb_contact_field field_id=&#8221;Email&#8221; field_title=&#8221;Direcci\u00f3n de correo electr\u00f3nico&#8221; field_type=&#8221;email&#8221; _builder_version=&#8221;4.16&#8243; global_colors_info=&#8221;{}&#8221; button_text_size__hover_enabled=&#8221;off&#8221; button_one_text_size__hover_enabled=&#8221;off&#8221; button_two_text_size__hover_enabled=&#8221;off&#8221; button_text_color__hover_enabled=&#8221;off&#8221; button_one_text_color__hover_enabled=&#8221;off&#8221; button_two_text_color__hover_enabled=&#8221;off&#8221; button_border_width__hover_enabled=&#8221;off&#8221; button_one_border_width__hover_enabled=&#8221;off&#8221; button_two_border_width__hover_enabled=&#8221;off&#8221; button_border_color__hover_enabled=&#8221;off&#8221; button_one_border_color__hover_enabled=&#8221;off&#8221; button_two_border_color__hover_enabled=&#8221;off&#8221; button_border_radius__hover_enabled=&#8221;off&#8221; button_one_border_radius__hover_enabled=&#8221;off&#8221; button_two_border_radius__hover_enabled=&#8221;off&#8221; button_letter_spacing__hover_enabled=&#8221;off&#8221; button_one_letter_spacing__hover_enabled=&#8221;off&#8221; button_two_letter_spacing__hover_enabled=&#8221;off&#8221; button_bg_color__hover_enabled=&#8221;off&#8221; button_one_bg_color__hover_enabled=&#8221;off&#8221; button_two_bg_color__hover_enabled=&#8221;off&#8221;][\/et_pb_contact_field][et_pb_contact_field field_id=&#8221;Field_2&#8243; field_title=&#8221;________________________________________________________________________&#8221; field_type=&#8221;radio&#8221; radio_options=&#8221;%91{%22value%22:%22He le\u00eddo y acepto la Pol\u00edtica de privacidad y deseo recibir ofertas personalizadas para mi empresa%22,%22checked%22:0,%22dragID%22:-1}%93&#8243; fullwidth_field=&#8221;on&#8221; _builder_version=&#8221;4.20.2&#8243; _module_preset=&#8221;default&#8221; global_colors_info=&#8221;{}&#8221; field_title__hover_enabled=&#8221;off|desktop&#8221;][\/et_pb_contact_field][\/et_pb_contact_form][\/et_pb_column][\/et_pb_row][et_pb_row _builder_version=&#8221;4.20.2&#8243; _module_preset=&#8221;default&#8221; custom_margin=&#8221;0px||0px||false|false&#8221; custom_padding=&#8221;0px||0px||false|false&#8221; global_colors_info=&#8221;{}&#8221;][et_pb_column type=&#8221;4_4&#8243; _builder_version=&#8221;4.20.2&#8243; _module_preset=&#8221;default&#8221; global_colors_info=&#8221;{}&#8221;][et_pb_image src=&#8221;https:\/\/servicas.es\/wordpress\/wp-content\/uploads\/2023\/03\/separador-arriba.jpg&#8221; title_text=&#8221;separador-arriba&#8221; _builder_version=&#8221;4.20.2&#8243; _module_preset=&#8221;default&#8221; custom_margin=&#8221;0px||||false|false&#8221; custom_padding=&#8221;0px||||false|false&#8221; global_colors_info=&#8221;{}&#8221;][\/et_pb_image][\/et_pb_column][\/et_pb_row][et_pb_row column_structure=&#8221;1_4,1_4,1_4,1_4&#8243; _builder_version=&#8221;4.20.2&#8243; _module_preset=&#8221;default&#8221; custom_margin=&#8221;0px||||false|false&#8221; global_colors_info=&#8221;{}&#8221;][et_pb_column type=&#8221;1_4&#8243; _builder_version=&#8221;4.20.2&#8243; _module_preset=&#8221;default&#8221; global_colors_info=&#8221;{}&#8221;][et_pb_image src=&#8221;https:\/\/servicas.es\/wordpress\/wp-content\/uploads\/2023\/03\/logo-pie.jpg&#8221; title_text=&#8221;logo-pie&#8221; _builder_version=&#8221;4.20.2&#8243; _module_preset=&#8221;default&#8221; global_colors_info=&#8221;{}&#8221;][\/et_pb_image][et_pb_text _builder_version=&#8221;4.20.2&#8243; _module_preset=&#8221;default&#8221; text_line_height=&#8221;1em&#8221; custom_margin=&#8221;||6px||false|false&#8221; global_colors_info=&#8221;{}&#8221;]<\/p>\n<h6><strong>\u00bfAlguna pregunta?<\/strong><\/h6>\n<p><strong><img loading=\"lazy\" decoding=\"async\" class=\"wp-image-731 alignnone size-full\" src=\"https:\/\/servicas.es\/wordpress\/wp-content\/uploads\/2023\/03\/separador-1.jpg\" alt=\"\" width=\"233\" height=\"5\" \/><\/strong><\/p>\n<p>[\/et_pb_text][et_pb_image src=&#8221;https:\/\/servicas.es\/wordpress\/wp-content\/uploads\/2023\/03\/llamanos.jpg&#8221; title_text=&#8221;llamanos&#8221; url=&#8221;tel:613602203&#8243; url_new_window=&#8221;on&#8221; _builder_version=&#8221;4.20.2&#8243; _module_preset=&#8221;default&#8221; custom_margin=&#8221;0px||0px|0px|false|false&#8221; custom_padding=&#8221;0px||0px|0px|false|false&#8221; global_colors_info=&#8221;{}&#8221;][\/et_pb_image][et_pb_image src=&#8221;https:\/\/servicas.es\/wordpress\/wp-content\/uploads\/2023\/03\/escribenos.jpg&#8221; title_text=&#8221;escribenos&#8221; url=&#8221;https:\/\/wa.link\/c6x30u&#8221; url_new_window=&#8221;on&#8221; _builder_version=&#8221;4.20.2&#8243; _module_preset=&#8221;default&#8221; custom_margin=&#8221;5px|||5px|false|false&#8221; global_colors_info=&#8221;{}&#8221;][\/et_pb_image][et_pb_text _builder_version=&#8221;4.20.2&#8243; _module_preset=&#8221;default&#8221; text_line_height=&#8221;1em&#8221; custom_margin=&#8221;||6px||false|false&#8221; global_colors_info=&#8221;{}&#8221;]<\/p>\n<h6><strong>Visitanos en:<\/strong><\/h6>\n<p><strong><img loading=\"lazy\" decoding=\"async\" src=\"https:\/\/servicas.es\/wordpress\/wp-content\/uploads\/2023\/03\/separador-1.jpg\" width=\"233\" height=\"5\" alt=\"\" class=\"wp-image-731 alignnone size-full\" \/><\/strong><\/p>\n<p>[\/et_pb_text][et_pb_image src=&#8221;https:\/\/servicas.es\/wordpress\/wp-content\/uploads\/2023\/03\/direccion.jpg&#8221; title_text=&#8221;direccion&#8221; url=&#8221;https:\/\/www.google.com\/maps\/dir\/39.9637315,-0.0648766\/SERVICAS+SUMINISTROS+INDUSTRIALES,+C.+Els+Ports,+2,+12005+Castell%C3%B3n+de+la+Plana,+Castell%C3%B3n\/@39.9636558,-0.0669742,17z\/data=!3m1!4b1!4m18!1m7!3m6!1s0xd6001b15dd1a4c1:0x1ee59d2d55accffa!2sSERVICAS+SUMINISTROS+INDUSTRIALES!8m2!3d39.9635583!4d-0.064796!16s%2Fg%2F11fl9hnlc8!4m9!1m1!4e1!1m5!1m1!1s0xd6001b15dd1a4c1:0x1ee59d2d55accffa!2m2!1d-0.064796!2d39.9635583!3e2?hl=es&#8221; url_new_window=&#8221;on&#8221; _builder_version=&#8221;4.20.2&#8243; _module_preset=&#8221;default&#8221; custom_margin=&#8221;5px||||false|false&#8221; custom_padding=&#8221;10px||||false|false&#8221; global_colors_info=&#8221;{}&#8221;][\/et_pb_image][\/et_pb_column][et_pb_column type=&#8221;1_4&#8243; _builder_version=&#8221;4.20.2&#8243; _module_preset=&#8221;default&#8221; global_colors_info=&#8221;{}&#8221;][et_pb_text _builder_version=&#8221;4.20.2&#8243; _module_preset=&#8221;default&#8221; text_line_height=&#8221;1em&#8221; global_colors_info=&#8221;{}&#8221;]<\/p>\n<h6><strong>Secciones<\/strong><\/h6>\n<p><strong><img loading=\"lazy\" decoding=\"async\" class=\"wp-image-731 alignnone size-full\" src=\"https:\/\/servicas.es\/wordpress\/wp-content\/uploads\/2023\/03\/separador-1.jpg\" alt=\"\" width=\"233\" height=\"5\" \/><\/strong><\/p>\n<p><a href=\"https:\/\/servicas.es\/wordpress\/\">Suministros industriales<\/a><\/p>\n<p><a href=\"https:\/\/servicas.es\/wordpress\/alquiler\/\">Alquiler<\/a><\/p>\n<p><a href=\"https:\/\/servicas.es\/wordpress\/reparacion\/\">Reparaci\u00f3n<\/a><\/p>\n<p><a href=\"https:\/\/servicas.es\/wordpress\/catalogos\/\">Cat\u00e1logos<\/a><\/p>\n<p><a href=\"https:\/\/servicas.es\/wordpress\/contacto\/\">Contacto<\/a><\/p>\n<p><a href=\"https:\/\/servicas.es\/wordpress\/trabaja-con-nosotros\/\">Trabaja con nosotros<\/a><\/p>\n<p>&nbsp;<\/p>\n<p>&nbsp;<\/p>\n<p>&nbsp;<\/p>\n<p>[\/et_pb_text][\/et_pb_column][et_pb_column type=&#8221;1_4&#8243; _builder_version=&#8221;4.20.2&#8243; _module_preset=&#8221;default&#8221; global_colors_info=&#8221;{}&#8221;][et_pb_text _builder_version=&#8221;4.20.2&#8243; _module_preset=&#8221;default&#8221; text_line_height=&#8221;1em&#8221; hover_enabled=&#8221;0&#8243; global_colors_info=&#8221;{}&#8221; sticky_enabled=&#8221;0&#8243;]<\/p>\n<h6><strong>Informaci\u00f3n legal<\/strong><\/h6>\n<p><strong><img loading=\"lazy\" decoding=\"async\" class=\"wp-image-731 alignnone size-full\" src=\"https:\/\/servicas.es\/wordpress\/wp-content\/uploads\/2023\/03\/separador-1.jpg\" alt=\"\" width=\"233\" height=\"5\" \/><\/strong><\/p>\n<p><a href=\"https:\/\/servicas.es\/wordpress\/aviso-legal\/\">Aviso legal<\/a><\/p>\n<p><a href=\"https:\/\/servicas.es\/wordpress\/politica-de-privacidad\/\">Pol\u00edtica de privacidad<\/a><\/p>\n<p><a href=\"https:\/\/servicas.es\/wordpress\/cambios-devoluciones-desestimientos\/\">Cambios \/ Devoluciones \/<\/a><\/p>\n<p><a href=\"https:\/\/servicas.es\/wordpress\/cambios-devoluciones-desestimientos\/\">Desestimientos<\/a><\/p>\n<p><a href=\"https:\/\/servicas.es\/wordpress\/politica-de-envios\/\">Pol\u00edtica de envios<\/a><\/p>\n<p><a href=\"https:\/\/servicas.es\/wordpress\/politica-de-cockies\/\">Pol\u00edtica de cockies<\/a><\/p>\n<p><a href=\"https:\/\/servicas.es\/wordpress\/condiciones-generales\/\">Condiciones generales<\/a><\/p>\n<p><a href=\"https:\/\/servicas.es\/wordpress\/garantia\/\">Garant\u00eda<\/a><\/p>\n<p><a href=\"https:\/\/servicas.es\/wordpress\/FAQS\/\">FAQS<\/a><\/p>\n<p><a href=\"https:\/\/servicas.es\/wordpress\/opiniones-de-la-tienda\/\">Opiniones de la tienda<\/a><\/p>\n<p><a href=\"https:\/\/servicas.es\/wordpress\/Blog\/\">Blog<\/a><\/p>\n<p>&nbsp;<\/p>\n<p>&nbsp;<\/p>\n<p>&nbsp;<\/p>\n<p>[\/et_pb_text][\/et_pb_column][et_pb_column type=&#8221;1_4&#8243; _builder_version=&#8221;4.20.2&#8243; _module_preset=&#8221;default&#8221; global_colors_info=&#8221;{}&#8221;][et_pb_text _builder_version=&#8221;4.20.2&#8243; _module_preset=&#8221;default&#8221; text_line_height=&#8221;1em&#8221; global_colors_info=&#8221;{}&#8221;]<\/p>\n<h6><strong>Horario<\/strong><\/h6>\n<p><strong><img loading=\"lazy\" decoding=\"async\" src=\"https:\/\/servicas.es\/wordpress\/wp-content\/uploads\/2023\/03\/separador-1.jpg\" width=\"233\" height=\"5\" alt=\"\" class=\"wp-image-731 alignnone size-full\" \/><\/strong><\/p>\n<p>Lunes a Viernes<\/p>\n<p>08:00 a 18:00<\/p>\n<p>[\/et_pb_text][et_pb_image src=&#8221;https:\/\/servicas.es\/wordpress\/wp-content\/uploads\/2023\/03\/face.jpg&#8221; title_text=&#8221;face&#8221; url=&#8221;https:\/\/www.facebook.com\/people\/Servicas-Suministros-Industriales\/pfbid037u3rdSR4We4d3vVi11pXL1xAieRWWTj5XD3dCZMkkw1kdE8EGALHBBXW1hQ71aQNl\/&#8221; url_new_window=&#8221;on&#8221; _builder_version=&#8221;4.20.2&#8243; _module_preset=&#8221;default&#8221; custom_margin=&#8221;||10px||false|false&#8221; global_colors_info=&#8221;{}&#8221;][\/et_pb_image][et_pb_image src=&#8221;https:\/\/servicas.es\/wordpress\/wp-content\/uploads\/2023\/03\/youtube.jpg&#8221; title_text=&#8221;youtube&#8221; url=&#8221;https:\/\/www.youtube.com\/channel\/UCJiJEOmBEx9TYTLOz15Eswg&#8221; url_new_window=&#8221;on&#8221; _builder_version=&#8221;4.20.2&#8243; _module_preset=&#8221;default&#8221; custom_margin=&#8221;0px||10px||false|false&#8221; custom_padding=&#8221;0px||||false|false&#8221; global_colors_info=&#8221;{}&#8221;][\/et_pb_image][et_pb_image src=&#8221;https:\/\/servicas.es\/wordpress\/wp-content\/uploads\/2023\/03\/insta.jpg&#8221; title_text=&#8221;insta&#8221; url=&#8221;https:\/\/www.instagram.com\/_servicas\/&#8221; url_new_window=&#8221;on&#8221; _builder_version=&#8221;4.20.2&#8243; _module_preset=&#8221;default&#8221; custom_margin=&#8221;0px||10px||false|false&#8221; custom_padding=&#8221;0px||||false|false&#8221; global_colors_info=&#8221;{}&#8221;][\/et_pb_image][et_pb_image src=&#8221;https:\/\/servicas.es\/wordpress\/wp-content\/uploads\/2023\/03\/in.jpg&#8221; title_text=&#8221;in&#8221; url=&#8221;https:\/\/www.linkedin.com\/in\/servicas-suministros-industriales-513390252\/&#8221; url_new_window=&#8221;on&#8221; _builder_version=&#8221;4.20.2&#8243; _module_preset=&#8221;default&#8221; custom_margin=&#8221;0px||10px||false|false&#8221; custom_padding=&#8221;0px||||false|false&#8221; global_colors_info=&#8221;{}&#8221;][\/et_pb_image][\/et_pb_column][\/et_pb_row][\/et_pb_section]<\/p>\n","protected":false},"excerpt":{"rendered":"<p>POL\u00cdTICA DE PRIVACIDADEn SERVICAS SUMINISTROS INDUSTRIALES S.L., nos preocupamos por la privacidad y la transparencia. A continuaci\u00f3n, le indicamos en detalle los tratamientos de datos personales que realizamos, as\u00ed como toda la informaci\u00f3n relativa a los mismos de acuerdo con lo establecido por el REGLAMENTO (UE) 2016\/679, de 27 de abril de 2016 del Parlamento [&hellip;]<\/p>\n","protected":false},"author":1,"featured_media":0,"parent":0,"menu_order":0,"comment_status":"closed","ping_status":"closed","template":"","meta":{"_et_pb_use_builder":"on","_et_pb_old_content":"","_et_gb_content_width":"","_joinchat":[],"footnotes":""},"class_list":["post-803","page","type-page","status-publish","hentry"],"jetpack_sharing_enabled":true,"_links":{"self":[{"href":"https:\/\/servicas.es\/wordpress\/wp-json\/wp\/v2\/pages\/803","targetHints":{"allow":["GET"]}}],"collection":[{"href":"https:\/\/servicas.es\/wordpress\/wp-json\/wp\/v2\/pages"}],"about":[{"href":"https:\/\/servicas.es\/wordpress\/wp-json\/wp\/v2\/types\/page"}],"author":[{"embeddable":true,"href":"https:\/\/servicas.es\/wordpress\/wp-json\/wp\/v2\/users\/1"}],"replies":[{"embeddable":true,"href":"https:\/\/servicas.es\/wordpress\/wp-json\/wp\/v2\/comments?post=803"}],"version-history":[{"count":4,"href":"https:\/\/servicas.es\/wordpress\/wp-json\/wp\/v2\/pages\/803\/revisions"}],"predecessor-version":[{"id":826,"href":"https:\/\/servicas.es\/wordpress\/wp-json\/wp\/v2\/pages\/803\/revisions\/826"}],"wp:attachment":[{"href":"https:\/\/servicas.es\/wordpress\/wp-json\/wp\/v2\/media?parent=803"}],"curies":[{"name":"wp","href":"https:\/\/api.w.org\/{rel}","templated":true}]}}