{"id":33188,"date":"2025-05-28T05:14:31","date_gmt":"2025-05-28T05:14:31","guid":{"rendered":"https:\/\/servicas.es\/wordpress\/?page_id=33188"},"modified":"2025-05-28T05:32:12","modified_gmt":"2025-05-28T05:32:12","slug":"curvadora-de-tubos-y-perfiles-mc400","status":"publish","type":"page","link":"https:\/\/servicas.es\/wordpress\/curvadora-de-tubos-y-perfiles-mc400\/","title":{"rendered":"Curvadora De Tubos y Perfiles MC400"},"content":{"rendered":"<p>[et_pb_section fb_built=&#8221;1&#8243; _builder_version=&#8221;4.27.4&#8243; _module_preset=&#8221;default&#8221; collapsed=&#8221;off&#8221; global_colors_info=&#8221;{}&#8221;][et_pb_row admin_label=&#8221;Fila&#8221; _builder_version=&#8221;4.27.4&#8243; _module_preset=&#8221;default&#8221; global_colors_info=&#8221;{}&#8221;][et_pb_column type=&#8221;4_4&#8243; _builder_version=&#8221;4.27.4&#8243; _module_preset=&#8221;default&#8221; global_colors_info=&#8221;{}&#8221;][et_pb_heading title=&#8221;Curvadora De Tubos y Perfiles MC400&#8243; _builder_version=&#8221;4.27.4&#8243; _module_preset=&#8221;default&#8221; global_colors_info=&#8221;{}&#8221;][\/et_pb_heading][et_pb_gallery gallery_ids=&#8221;33191,33192,33193,33194,33195,33196,33197,33198,33199&#8243; show_title_and_caption=&#8221;off&#8221; _builder_version=&#8221;4.27.4&#8243; _module_preset=&#8221;default&#8221; global_colors_info=&#8221;{}&#8221;][\/et_pb_gallery][\/et_pb_column][\/et_pb_row][et_pb_row column_structure=&#8221;1_2,1_2&#8243; _builder_version=&#8221;4.27.4&#8243; _module_preset=&#8221;default&#8221; global_colors_info=&#8221;{}&#8221;][et_pb_column type=&#8221;1_2&#8243; _builder_version=&#8221;4.27.4&#8243; _module_preset=&#8221;default&#8221; global_colors_info=&#8221;{}&#8221;][et_pb_video src=&#8221;https:\/\/www.youtube.com\/watch?v=067u69Q2quc&#8221; _builder_version=&#8221;4.27.4&#8243; _module_preset=&#8221;default&#8221; global_colors_info=&#8221;{}&#8221;][\/et_pb_video][\/et_pb_column][et_pb_column type=&#8221;1_2&#8243; _builder_version=&#8221;4.27.4&#8243; _module_preset=&#8221;default&#8221; global_colors_info=&#8221;{}&#8221;][et_pb_text _builder_version=&#8221;4.27.4&#8243; _module_preset=&#8221;default&#8221; global_colors_info=&#8221;{}&#8221;]Curvadora de Tubos y Perfiles MC400 NARGESA fabricada en acero, arrastre a los tres rodillos, transmisi\u00f3n por pi\u00f1ones, ejes templados y rectificados. Capacidad m\u00e1xima de curvado en tubo redondo: 2\u201d 1\/2 pulgadas o 63,5 mm<br \/>\nCurvadora de tubos MC400 NARGESA, fabricada en chapa de acero soldado y mecanizado. A diferencia de otras no es de fundici\u00f3n. Ideal  para  fabricar bridas, invernaderos, barandas, mesas, sillas, puertas, ventanas&#8230; realizando una infinidad de figuras circulares en todo tipo de perfiles. Su robustez, di\u00e1metro de eje, la capacidad reductora y m\u00e1s propiedades la convierten en una de las mejores curvadoras del mercado en la categor\u00eda de arrastre a tres rodillos, condici\u00f3n indispensable para trabajar el tubo hueco con un perfecto acabado.<\/p>\n<p>Todos los productos Nargesa se adaptan a las normas CE de fabricaci\u00f3n de maquinaria industrial.[\/et_pb_text][\/et_pb_column][\/et_pb_row][et_pb_row _builder_version=&#8221;4.27.4&#8243; _module_preset=&#8221;default&#8221; global_colors_info=&#8221;{}&#8221;][et_pb_column type=&#8221;4_4&#8243; _builder_version=&#8221;4.27.4&#8243; _module_preset=&#8221;default&#8221; global_colors_info=&#8221;{}&#8221;][et_pb_heading title=&#8221;CARACTERISTICAS T\u00c9CNICAS&#8221; _builder_version=&#8221;4.27.4&#8243; _module_preset=&#8221;default&#8221; global_colors_info=&#8221;{}&#8221;][\/et_pb_heading][et_pb_divider _builder_version=&#8221;4.27.4&#8243; _module_preset=&#8221;default&#8221; global_colors_info=&#8221;{}&#8221;][\/et_pb_divider][et_pb_text _builder_version=&#8221;4.27.4&#8243; _module_preset=&#8221;default&#8221; hover_enabled=&#8221;0&#8243; global_colors_info=&#8221;{}&#8221; sticky_enabled=&#8221;0&#8243;]<\/p>\n<p>.-Arrastre a los tres rodillos, ideal e imprescindible para curvar tubo redondo, con superficie lisa para no da\u00f1ar el tubo o perfil.<br \/>.-Transmisi\u00f3n segura mediante pi\u00f1ones planos templados.<br \/>.-Ejes de acero templados y rectificados.<br \/>.-Di\u00e1metro de los ejes: 40 mm.<br \/>.-Longitud \u00fatil de ejes: 80 mm.<br \/>.-Capacidad m\u00e1xima de curvado en tubo redondo: 2&#8243; 1\/2 pulgadas o 63.5 mm.<br \/>.-Regulaci\u00f3n de curvado independiente de los rodillos inferiores, lo cual permite realizar curvados mucho m\u00e1s peque\u00f1os de di\u00e1metro y aprovechar mucho m\u00e1s el material que el resto de curvadoras.<br \/>.-Equipada con 9 rodillos est\u00e1ndar, con los cuales puede realizar todo tipos de perfiles. (Tubo cuadrado, rectangular, macizo cuadrado, redondo y rectangular, perfil U, perfil T, \u00e1ngulo, pletina plana, al canto&#8230;).<br \/>.-Di\u00e1metro de los rodillos: 130 mm.<br \/>.-Cintas milimetradas para saber la posici\u00f3n de los rodillos.<br \/>.-Posici\u00f3n de trabajo horizontal o vertical. (seg\u00fan tipo de bancada).<br \/>.-Rodillos correctores en los laterales para dominar el curvado.<br \/>.-Potencia del Motor: 1,1 KW \/ 1.5CV.<br \/>.-Tensi\u00f3n a 3 fases: 230\/400 V.<br \/>.-Velocidad de los rodillos: 7 RPM.<br \/>.-Bancada inferior paletizada para poder transportar f\u00e1cilmente la m\u00e1quina al puesto de trabajo o almacenar.<br \/>.-La m\u00e1quina se env\u00eda completamente montada.<br \/>.-Su robustez en la estructura, dimensi\u00f3n de ejes, ajuste de los dos ejes inferiores y m\u00e1s propiedades la convierten en una de las mejores curvadoras del mercado.<\/p>\n<p>&nbsp;<\/p>\n<p>[\/et_pb_text][\/et_pb_column][\/et_pb_row][\/et_pb_section]<\/p>\n","protected":false},"excerpt":{"rendered":"<p>Curvadora de Tubos y Perfiles MC400 NARGESA fabricada en acero, arrastre a los tres rodillos, transmisi\u00f3n por pi\u00f1ones, ejes templados y rectificados. Capacidad m\u00e1xima de curvado en tubo redondo: 2\u201d 1\/2 pulgadas o 63,5 mm Curvadora de tubos MC400 NARGESA, fabricada en chapa de acero soldado y mecanizado. A diferencia de otras no es de [&hellip;]<\/p>\n","protected":false},"author":1,"featured_media":0,"parent":0,"menu_order":0,"comment_status":"closed","ping_status":"closed","template":"","meta":{"_et_pb_use_builder":"on","_et_pb_old_content":"","_et_gb_content_width":"","_joinchat":[],"footnotes":""},"class_list":["post-33188","page","type-page","status-publish","hentry"],"jetpack_sharing_enabled":true,"_links":{"self":[{"href":"https:\/\/servicas.es\/wordpress\/wp-json\/wp\/v2\/pages\/33188","targetHints":{"allow":["GET"]}}],"collection":[{"href":"https:\/\/servicas.es\/wordpress\/wp-json\/wp\/v2\/pages"}],"about":[{"href":"https:\/\/servicas.es\/wordpress\/wp-json\/wp\/v2\/types\/page"}],"author":[{"embeddable":true,"href":"https:\/\/servicas.es\/wordpress\/wp-json\/wp\/v2\/users\/1"}],"replies":[{"embeddable":true,"href":"https:\/\/servicas.es\/wordpress\/wp-json\/wp\/v2\/comments?post=33188"}],"version-history":[{"count":6,"href":"https:\/\/servicas.es\/wordpress\/wp-json\/wp\/v2\/pages\/33188\/revisions"}],"predecessor-version":[{"id":33208,"href":"https:\/\/servicas.es\/wordpress\/wp-json\/wp\/v2\/pages\/33188\/revisions\/33208"}],"wp:attachment":[{"href":"https:\/\/servicas.es\/wordpress\/wp-json\/wp\/v2\/media?parent=33188"}],"curies":[{"name":"wp","href":"https:\/\/api.w.org\/{rel}","templated":true}]}}